{"id":3105,"date":"2024-12-12T11:10:10","date_gmt":"2024-12-12T11:10:10","guid":{"rendered":"https:\/\/hermandaddelrociodelamacarena.es\/?page_id=3105"},"modified":"2025-04-04T19:23:13","modified_gmt":"2025-04-04T19:23:13","slug":"hermanos-2","status":"publish","type":"page","link":"https:\/\/hermandaddelrociodelamacarena.org\/?page_id=3105","title":{"rendered":"HERMANOS"},"content":{"rendered":"\t\t<div data-elementor-type=\"wp-page\" data-elementor-id=\"3105\" class=\"elementor elementor-3105\" data-elementor-post-type=\"page\">\n\t\t\t\t<div class=\"elementor-element elementor-element-fa04528 e-flex e-con-boxed e-con e-parent\" data-id=\"fa04528\" data-element_type=\"container\" data-e-type=\"container\">\n\t\t\t\t\t<div class=\"e-con-inner\">\n\t\t\t\t<div class=\"elementor-element elementor-element-0666efe elementor-widget elementor-widget-spacer\" data-id=\"0666efe\" data-element_type=\"widget\" data-e-type=\"widget\" data-widget_type=\"spacer.default\">\n\t\t\t\t<div class=\"elementor-widget-container\">\n\t\t\t\t\t\t\t<div class=\"elementor-spacer\">\n\t\t\t<div class=\"elementor-spacer-inner\"><\/div>\n\t\t<\/div>\n\t\t\t\t\t\t<\/div>\n\t\t\t\t<\/div>\n\t\t\t\t<div class=\"elementor-element elementor-element-f873cee animated-slow elementor-invisible elementor-widget elementor-widget-heading\" data-id=\"f873cee\" data-element_type=\"widget\" data-e-type=\"widget\" data-settings=\"{&quot;_animation&quot;:&quot;fadeIn&quot;,&quot;_animation_delay&quot;:600}\" data-widget_type=\"heading.default\">\n\t\t\t\t<div class=\"elementor-widget-container\">\n\t\t\t\t\t<h2 class=\"elementor-heading-title elementor-size-default\">Hermanos<\/h2>\t\t\t\t<\/div>\n\t\t\t\t<\/div>\n\t\t\t\t\t<\/div>\n\t\t\t\t<\/div>\n\t\t<div class=\"elementor-element elementor-element-670adfc e-flex e-con-boxed e-con e-parent\" data-id=\"670adfc\" data-element_type=\"container\" data-e-type=\"container\">\n\t\t\t\t\t<div class=\"e-con-inner\">\n\t\t\t\t<div class=\"elementor-element elementor-element-c2df91b elementor-widget elementor-widget-text-editor\" data-id=\"c2df91b\" data-element_type=\"widget\" data-e-type=\"widget\" data-widget_type=\"text-editor.default\">\n\t\t\t\t<div class=\"elementor-widget-container\">\n\t\t\t\t\t\t\t\t\t<p>1\u00ba.- El impreso de\u00a0<strong>Solicitud de Alta<\/strong>\u00a0se puede recoger en la Secretar\u00eda de la Hermandad o descargarlo en esta misma p\u00e1gina.<\/p><p>2\u00ba.- La solicitud, debidamente cumplimentada, se entregar\u00e1 en la Secretar\u00eda de la Hermandad, acompa\u00f1ada, seg\u00fan exhortaci\u00f3n Pastoral y en cumplimiento de nuestras Reglas, de la\u00a0<strong><em>Partida de Bautismo<\/em><\/strong>\u00a0o, en su defecto, de un volante de Bautismo expedido por la Parroquia correspondiente y una\u00a0<strong><em>fotocopia del DNI<\/em><\/strong>\u00a0o pasaporte.<\/p><p>3\u00ba.- En la solicitud se incluye la\u00a0<strong>Presentaci\u00f3n de un hermano<\/strong>, datos que deber\u00e1n ser tambi\u00e9n cumplimentados, teniendo en cuenta que dicho hermano, que ejerce como presentador y garante, debe tener m\u00e1s de un a\u00f1o de antig\u00fcedad en la Hermandad y ser mayor de edad.<\/p><p>4\u00ba.- En caso de establecer como\u00a0<strong>Procedimiento de Pago<\/strong>\u00a0la domiciliaci\u00f3n bancaria, deber\u00e1 acompa\u00f1ar a la solicitud del impreso\u00a0<strong>\u201cHoja de Actualizaci\u00f3n de Datos\u201d<\/strong>.<\/p><p>5\u00ba.- En el caso de los solicitantes menores de 18 a\u00f1os, aunque el procedimiento de pago no sea por banco, deber\u00e1 entregar la \u201c<strong>Hoja de Actualizaci\u00f3n de Datos<\/strong>\u201d, cumplimentando \u00fanicamente los suyos personales y los de la persona que actuar\u00e1 de\u00a0<strong>tutor ante la Hermandad<\/strong>\u00a0hasta su mayor\u00eda de edad.<\/p><p>6\u00ba.- Tambi\u00e9n es imprescindible presentar la autorizaci\u00f3n para procesar los datos personales, requisito imprescindible para poder mantener correspondencia y comunicaci\u00f3n con el nuevo hermano, cumplimentando el documento\u00a0<strong>\u201cProtecci\u00f3n de Datos\u201d<\/strong>.<\/p><p>De este documento, los adultos, solamente tienen que cumplimentar el nombre (y apellidos), el DNI, fecha y firma. En el caso de los menores, adem\u00e1s de estos datos, tiene que incluir los del representante legal.<\/p><p>7\u00ba.- Caso de no entregar la documentaci\u00f3n completa, no se podr\u00e1 presentar a Cabildo de Oficiales la solicitud de admisi\u00f3n del nuevo hermano, por lo que \u00e9sta se ver\u00e1 retrasada.<\/p><p>8\u00ba.- Toda la documentaci\u00f3n se presentar\u00e1 en la Secretar\u00eda de la Hermandad, la cual le dar\u00e1 Registro de Entrada y se har\u00e1 entrega de la Limosna de Inscripci\u00f3n en la Tesorer\u00eda de la Hermandad.<\/p><p>9\u00ba.- Una vez aprobada la solicitud por el Cabildo de Oficiales, un miembro de la Junta de Gobierno se pondr\u00e1 en contacto con el nuevo hermano para informarle que ha sido admitido y la fecha en que podr\u00e1 realizar el\u00a0<strong>Juramento<\/strong>, as\u00ed como otra informaci\u00f3n de inter\u00e9s.<\/p><p>En el caso de los menores de edad, dicha Jura no se podr\u00e1 realizar hasta haber cumplido los 14 a\u00f1os.<\/p><p>No obstante haber sido admitido el solicitante como nuevo hermano, no se alcanza la plenitud de derechos en la Hermandad hasta haber realizado la Jura.<\/p><p>10\u00ba.- Una vez efectuado el Juramento, se entregar\u00e1 al nuevo hermano una copia de las\u00a0<strong>Reglas de la Hermandad<\/strong>, para su conocimiento y cumplimiento, en las que constar\u00e1 la fecha de admisi\u00f3n.<\/p><p><i>Para cualquier aclaraci\u00f3n o informaci\u00f3n adicional sobre este procedimiento, dir\u00edjase a la Secretar\u00eda de la Hermandad, los<\/i><strong>\u00a0martes y jueves<\/strong><i>\u00a0en horario de 19:00 a 21:00 horas personalmente, a trav\u00e9s del tel\u00e9fono\u00a0<\/i><strong>954 380 788<\/strong><i>\u00a0o al\u00a0correo electr\u00f3nico\u00a0<\/i><strong>secretaria@hermandaddelrociodelamacarena.org<\/strong><\/p>\t\t\t\t\t\t\t\t<\/div>\n\t\t\t\t<\/div>\n\t\t\t\t\t<\/div>\n\t\t\t\t<\/div>\n\t\t<div class=\"elementor-element elementor-element-7a7fdbb e-grid e-con-boxed e-con e-parent\" data-id=\"7a7fdbb\" data-element_type=\"container\" data-e-type=\"container\">\n\t\t\t\t\t<div class=\"e-con-inner\">\n\t\t\t\t<div class=\"elementor-element elementor-element-fd90225 elementor-widget elementor-widget-image\" data-id=\"fd90225\" data-element_type=\"widget\" data-e-type=\"widget\" data-widget_type=\"image.default\">\n\t\t\t\t<div class=\"elementor-widget-container\">\n\t\t\t\t\t\t\t\t\t\t\t\t\t\t\t\t<a href=\"https:\/\/hermandaddelrociodelamacarena.org\/wp-content\/uploads\/2024\/12\/Anexo-II-Impreso-Solicitud-Nuevos-Hermamos.pdf\">\n\t\t\t\t\t\t\t<img fetchpriority=\"high\" decoding=\"async\" width=\"739\" height=\"865\" src=\"https:\/\/hermandaddelrociodelamacarena.org\/wp-content\/uploads\/2024\/12\/al.png\" class=\"elementor-animation-shrink attachment-large size-large wp-image-3109\" alt=\"\" srcset=\"https:\/\/hermandaddelrociodelamacarena.org\/wp-content\/uploads\/2024\/12\/al.png 739w, https:\/\/hermandaddelrociodelamacarena.org\/wp-content\/uploads\/2024\/12\/al-600x702.png 600w, https:\/\/hermandaddelrociodelamacarena.org\/wp-content\/uploads\/2024\/12\/al-256x300.png 256w\" sizes=\"(max-width: 739px) 100vw, 739px\" \/>\t\t\t\t\t\t\t\t<\/a>\n\t\t\t\t\t\t\t\t\t\t\t\t\t\t\t<\/div>\n\t\t\t\t<\/div>\n\t\t\t\t<div class=\"elementor-element elementor-element-604e59b elementor-widget elementor-widget-image\" data-id=\"604e59b\" data-element_type=\"widget\" data-e-type=\"widget\" data-widget_type=\"image.default\">\n\t\t\t\t<div class=\"elementor-widget-container\">\n\t\t\t\t\t\t\t\t\t\t\t\t\t\t\t\t<a href=\"https:\/\/hermandaddelrociodelamacarena.org\/wp-content\/uploads\/2024\/12\/Anexo-IV-Proteccion-de-Datos.pdf\">\n\t\t\t\t\t\t\t<img decoding=\"async\" width=\"692\" height=\"874\" src=\"https:\/\/hermandaddelrociodelamacarena.org\/wp-content\/uploads\/2024\/12\/pro.png\" class=\"elementor-animation-shrink attachment-2048x2048 size-2048x2048 wp-image-3111\" alt=\"\" srcset=\"https:\/\/hermandaddelrociodelamacarena.org\/wp-content\/uploads\/2024\/12\/pro.png 692w, https:\/\/hermandaddelrociodelamacarena.org\/wp-content\/uploads\/2024\/12\/pro-600x758.png 600w, https:\/\/hermandaddelrociodelamacarena.org\/wp-content\/uploads\/2024\/12\/pro-238x300.png 238w\" sizes=\"(max-width: 692px) 100vw, 692px\" \/>\t\t\t\t\t\t\t\t<\/a>\n\t\t\t\t\t\t\t\t\t\t\t\t\t\t\t<\/div>\n\t\t\t\t<\/div>\n\t\t\t\t<div class=\"elementor-element elementor-element-09ef701 elementor-widget elementor-widget-image\" data-id=\"09ef701\" data-element_type=\"widget\" data-e-type=\"widget\" data-widget_type=\"image.default\">\n\t\t\t\t<div class=\"elementor-widget-container\">\n\t\t\t\t\t\t\t\t\t\t\t\t\t\t\t\t<a href=\"https:\/\/hermandaddelrociodelamacarena.org\/wp-content\/uploads\/2024\/12\/Anexo-III-Hoja-de-Actualizacion-de-datos-2.pdf\">\n\t\t\t\t\t\t\t<img decoding=\"async\" width=\"711\" height=\"882\" src=\"https:\/\/hermandaddelrociodelamacarena.org\/wp-content\/uploads\/2024\/12\/ac.png\" class=\"elementor-animation-shrink attachment-2048x2048 size-2048x2048 wp-image-3108\" alt=\"\" srcset=\"https:\/\/hermandaddelrociodelamacarena.org\/wp-content\/uploads\/2024\/12\/ac.png 711w, https:\/\/hermandaddelrociodelamacarena.org\/wp-content\/uploads\/2024\/12\/ac-600x744.png 600w, https:\/\/hermandaddelrociodelamacarena.org\/wp-content\/uploads\/2024\/12\/ac-242x300.png 242w\" sizes=\"(max-width: 711px) 100vw, 711px\" \/>\t\t\t\t\t\t\t\t<\/a>\n\t\t\t\t\t\t\t\t\t\t\t\t\t\t\t<\/div>\n\t\t\t\t<\/div>\n\t\t\t\t\t<\/div>\n\t\t\t\t<\/div>\n\t\t<div class=\"elementor-element elementor-element-b0cb500 e-grid e-con-boxed e-con e-parent\" data-id=\"b0cb500\" data-element_type=\"container\" data-e-type=\"container\">\n\t\t\t\t\t<div class=\"e-con-inner\">\n\t\t\t\t<div class=\"elementor-element elementor-element-576587c elementor-widget elementor-widget-heading\" data-id=\"576587c\" data-element_type=\"widget\" data-e-type=\"widget\" data-widget_type=\"heading.default\">\n\t\t\t\t<div class=\"elementor-widget-container\">\n\t\t\t\t\t<h2 class=\"elementor-heading-title elementor-size-default\">Solicitud de Alta de Hermano<\/h2>\t\t\t\t<\/div>\n\t\t\t\t<\/div>\n\t\t\t\t<div class=\"elementor-element elementor-element-a31aa54 elementor-widget elementor-widget-heading\" data-id=\"a31aa54\" data-element_type=\"widget\" data-e-type=\"widget\" data-widget_type=\"heading.default\">\n\t\t\t\t<div class=\"elementor-widget-container\">\n\t\t\t\t\t<h2 class=\"elementor-heading-title elementor-size-default\">Protecci\u00f3n de Datos<\/h2>\t\t\t\t<\/div>\n\t\t\t\t<\/div>\n\t\t\t\t<div class=\"elementor-element elementor-element-934fe82 elementor-widget elementor-widget-heading\" data-id=\"934fe82\" data-element_type=\"widget\" data-e-type=\"widget\" data-widget_type=\"heading.default\">\n\t\t\t\t<div class=\"elementor-widget-container\">\n\t\t\t\t\t<h2 class=\"elementor-heading-title elementor-size-default\">Actualizaci\u00f3n de Datos<\/h2>\t\t\t\t<\/div>\n\t\t\t\t<\/div>\n\t\t\t\t\t<\/div>\n\t\t\t\t<\/div>\n\t\t\t\t<\/div>\n\t\t","protected":false},"excerpt":{"rendered":"<p>Hermanos 1\u00ba.- El impreso de\u00a0Solicitud de Alta\u00a0se puede recoger en la Secretar\u00eda de la Hermandad o descargarlo en esta misma [&hellip;]<\/p>\n","protected":false},"author":1,"featured_media":0,"parent":0,"menu_order":0,"comment_status":"closed","ping_status":"closed","template":"","meta":{"site-sidebar-layout":"no-sidebar","site-content-layout":"","ast-site-content-layout":"full-width-container","site-content-style":"default","site-sidebar-style":"default","ast-global-header-display":"","ast-banner-title-visibility":"","ast-main-header-display":"","ast-hfb-above-header-display":"","ast-hfb-below-header-display":"","ast-hfb-mobile-header-display":"","site-post-title":"disabled","ast-breadcrumbs-content":"","ast-featured-img":"disabled","footer-sml-layout":"","ast-disable-related-posts":"","theme-transparent-header-meta":"","adv-header-id-meta":"","stick-header-meta":"","header-above-stick-meta":"","header-main-stick-meta":"","header-below-stick-meta":"","astra-migrate-meta-layouts":"default","ast-page-background-enabled":"default","ast-page-background-meta":{"desktop":{"background-color":"var(--ast-global-color-4)","background-image":"","background-repeat":"repeat","background-position":"center center","background-size":"auto","background-attachment":"scroll","background-type":"","background-media":"","overlay-type":"","overlay-color":"","overlay-opacity":"","overlay-gradient":""},"tablet":{"background-color":"","background-image":"","background-repeat":"repeat","background-position":"center center","background-size":"auto","background-attachment":"scroll","background-type":"","background-media":"","overlay-type":"","overlay-color":"","overlay-opacity":"","overlay-gradient":""},"mobile":{"background-color":"","background-image":"","background-repeat":"repeat","background-position":"center center","background-size":"auto","background-attachment":"scroll","background-type":"","background-media":"","overlay-type":"","overlay-color":"","overlay-opacity":"","overlay-gradient":""}},"ast-content-background-meta":{"desktop":{"background-color":"var(--ast-global-color-5)","background-image":"","background-repeat":"repeat","background-position":"center center","background-size":"auto","background-attachment":"scroll","background-type":"","background-media":"","overlay-type":"","overlay-color":"","overlay-opacity":"","overlay-gradient":""},"tablet":{"background-color":"var(--ast-global-color-5)","background-image":"","background-repeat":"repeat","background-position":"center center","background-size":"auto","background-attachment":"scroll","background-type":"","background-media":"","overlay-type":"","overlay-color":"","overlay-opacity":"","overlay-gradient":""},"mobile":{"background-color":"var(--ast-global-color-5)","background-image":"","background-repeat":"repeat","background-position":"center center","background-size":"auto","background-attachment":"scroll","background-type":"","background-media":"","overlay-type":"","overlay-color":"","overlay-opacity":"","overlay-gradient":""}},"footnotes":""},"class_list":["post-3105","page","type-page","status-publish","hentry"],"_links":{"self":[{"href":"https:\/\/hermandaddelrociodelamacarena.org\/index.php?rest_route=\/wp\/v2\/pages\/3105","targetHints":{"allow":["GET"]}}],"collection":[{"href":"https:\/\/hermandaddelrociodelamacarena.org\/index.php?rest_route=\/wp\/v2\/pages"}],"about":[{"href":"https:\/\/hermandaddelrociodelamacarena.org\/index.php?rest_route=\/wp\/v2\/types\/page"}],"author":[{"embeddable":true,"href":"https:\/\/hermandaddelrociodelamacarena.org\/index.php?rest_route=\/wp\/v2\/users\/1"}],"replies":[{"embeddable":true,"href":"https:\/\/hermandaddelrociodelamacarena.org\/index.php?rest_route=%2Fwp%2Fv2%2Fcomments&post=3105"}],"version-history":[{"count":16,"href":"https:\/\/hermandaddelrociodelamacarena.org\/index.php?rest_route=\/wp\/v2\/pages\/3105\/revisions"}],"predecessor-version":[{"id":3600,"href":"https:\/\/hermandaddelrociodelamacarena.org\/index.php?rest_route=\/wp\/v2\/pages\/3105\/revisions\/3600"}],"wp:attachment":[{"href":"https:\/\/hermandaddelrociodelamacarena.org\/index.php?rest_route=%2Fwp%2Fv2%2Fmedia&parent=3105"}],"curies":[{"name":"wp","href":"https:\/\/api.w.org\/{rel}","templated":true}]}}