{"id":3678,"date":"2025-03-31T11:09:05","date_gmt":"2025-03-31T11:09:05","guid":{"rendered":"https:\/\/hermandaddelrociodelamacarena.es\/?page_id=3678"},"modified":"2025-04-04T19:23:13","modified_gmt":"2025-04-04T19:23:13","slug":"aviso-legal","status":"publish","type":"page","link":"https:\/\/hermandaddelrociodelamacarena.org\/?page_id=3678","title":{"rendered":"Aviso Legal"},"content":{"rendered":"\t\t<div data-elementor-type=\"wp-page\" data-elementor-id=\"3678\" class=\"elementor elementor-3678\" data-elementor-post-type=\"page\">\n\t\t\t\t<div class=\"elementor-element elementor-element-9dea7b0 e-flex e-con-boxed e-con e-parent\" data-id=\"9dea7b0\" data-element_type=\"container\" data-e-type=\"container\">\n\t\t\t\t\t<div class=\"e-con-inner\">\n\t\t\t\t<div class=\"elementor-element elementor-element-7a2b48f elementor-widget elementor-widget-spacer\" data-id=\"7a2b48f\" data-element_type=\"widget\" data-e-type=\"widget\" data-widget_type=\"spacer.default\">\n\t\t\t\t<div class=\"elementor-widget-container\">\n\t\t\t\t\t\t\t<div class=\"elementor-spacer\">\n\t\t\t<div class=\"elementor-spacer-inner\"><\/div>\n\t\t<\/div>\n\t\t\t\t\t\t<\/div>\n\t\t\t\t<\/div>\n\t\t\t\t\t<\/div>\n\t\t\t\t<\/div>\n\t\t<div class=\"elementor-element elementor-element-a6f4728 e-flex e-con-boxed e-con e-parent\" data-id=\"a6f4728\" data-element_type=\"container\" data-e-type=\"container\">\n\t\t\t\t\t<div class=\"e-con-inner\">\n\t\t\t\t<div class=\"elementor-element elementor-element-8bd2e3c elementor-widget elementor-widget-heading\" data-id=\"8bd2e3c\" data-element_type=\"widget\" data-e-type=\"widget\" data-widget_type=\"heading.default\">\n\t\t\t\t<div class=\"elementor-widget-container\">\n\t\t\t\t\t<h2 class=\"elementor-heading-title elementor-size-default\">Aviso Legal<\/h2>\t\t\t\t<\/div>\n\t\t\t\t<\/div>\n\t\t\t\t\t<\/div>\n\t\t\t\t<\/div>\n\t\t<div class=\"elementor-element elementor-element-c92c411 e-flex e-con-boxed e-con e-parent\" data-id=\"c92c411\" data-element_type=\"container\" data-e-type=\"container\">\n\t\t\t\t\t<div class=\"e-con-inner\">\n\t\t\t\t<div class=\"elementor-element elementor-element-0ca0d90 elementor-widget elementor-widget-text-editor\" data-id=\"0ca0d90\" data-element_type=\"widget\" data-e-type=\"widget\" data-widget_type=\"text-editor.default\">\n\t\t\t\t<div class=\"elementor-widget-container\">\n\t\t\t\t\t\t\t\t\t<p data-pm-slice=\"1 3 []\">En cumplimiento con el deber de informaci\u00f3n establecido en el art\u00edculo 10 de la Ley 34\/2002, de Servicios de la Sociedad de la Informaci\u00f3n y del Comercio Electr\u00f3nico (LSSI-CE), se informa de los siguientes datos:<br \/><br \/><\/p><ol start=\"1\" data-spread=\"false\"><li><p>Datos Identificativos:<\/p><\/li><\/ol><ul data-spread=\"false\"><li><p>Nombre Completo: Real e Imperial, Ilustre y Fervorosa Hermandad de Nuestra Se\u00f1ora del Roc\u00edo de Sevilla &#8211; Macarena<\/p><\/li><li><p>Nombre Popular: Hermandad del Roc\u00edo de la Macarena<\/p><\/li><li><p>NIF: G41414939<\/p><\/li><li><p>Domicilio Social: Calle Parras 32, 41002 &#8211; Sevilla<\/p><\/li><li><p>Correo Electr\u00f3nico: <a>secretaria@hermandaddelrociodelamacarena.org<\/a><\/p><\/li><li><p>P\u00e1gina Web: <a>www.hermandaddelrociodelamacarena.org<\/a><\/p><\/li><\/ul><ol start=\"2\" data-spread=\"true\"><li><p>Condiciones de Uso: El acceso y uso de la p\u00e1gina web de la Hermandad implica la aceptaci\u00f3n de las condiciones establecidas en el presente aviso legal. El usuario se compromete a hacer un uso adecuado del sitio web y a no realizar actividades il\u00edcitas o contrarias a la buena fe y al orden p\u00fablico. Queda prohibido el uso de la p\u00e1gina con fines il\u00edcitos, lesivos o que puedan causar perjuicio o impedir el normal funcionamiento del sitio.<br \/><br \/><\/p><\/li><li><p>Propiedad Intelectual e Industrial: Los contenidos de esta p\u00e1gina web, incluyendo textos, im\u00e1genes, dise\u00f1os, logotipos, iconos, software, nombres comerciales, marcas o signos distintivos, est\u00e1n protegidos por derechos de propiedad intelectual e industrial pertenecientes a la Hermandad o a terceros que han autorizado su uso. El acceso a la web no otorga ning\u00fan derecho sobre los mismos. Queda prohibida su reproducci\u00f3n, distribuci\u00f3n, comunicaci\u00f3n p\u00fablica, transformaci\u00f3n o cualquier otra forma de explotaci\u00f3n sin el consentimiento expreso y por escrito de los titulares leg\u00edtimos.<br \/><br \/><\/p><\/li><li><p>Protecci\u00f3n de Datos: La Hermandad cumple con la normativa vigente en materia de protecci\u00f3n de datos personales, conforme a lo dispuesto en el Reglamento (UE) 2016\/679 (RGPD) y la Ley Org\u00e1nica 3\/2018 de Protecci\u00f3n de Datos Personales y Garant\u00eda de los Derechos Digitales (LOPDGDD). Los datos facilitados por los usuarios ser\u00e1n incorporados a un fichero titularidad de la Hermandad, siendo tratados con la m\u00e1xima confidencialidad y seguridad, y utilizados \u00fanicamente para los fines previstos. El usuario podr\u00e1 ejercer sus derechos de acceso, rectificaci\u00f3n, supresi\u00f3n, limitaci\u00f3n, portabilidad y oposici\u00f3n mediante comunicaci\u00f3n escrita dirigida a la Hermandad a la direcci\u00f3n indicada o mediante correo electr\u00f3nico.<br \/><br \/><\/p><\/li><li><p>Exenci\u00f3n de Responsabilidad: La Hermandad no garantiza la disponibilidad continua de la p\u00e1gina web ni se responsabiliza de los da\u00f1os y perjuicios que puedan derivarse del acceso o uso indebido de los contenidos, incluyendo errores o desactualizaciones. La Hermandad no se responsabiliza de las opiniones vertidas por los usuarios a trav\u00e9s de herramientas de participaci\u00f3n, ni de los enlaces externos que puedan redirigir a sitios ajenos a su control.<br \/><br \/><\/p><\/li><li><p>Enlaces Externos: La presencia de enlaces a otros sitios web no implica una relaci\u00f3n o aprobaci\u00f3n por parte de la Hermandad. El acceso a estos sitios ser\u00e1 bajo la responsabilidad del usuario.<br \/><br \/><\/p><\/li><li><p>Legislaci\u00f3n Aplicable y Jurisdicci\u00f3n: Las presentes condiciones se regir\u00e1n por la legislaci\u00f3n espa\u00f1ola. En caso de conflicto o disputa, ambas partes se someten, con renuncia expresa a cualquier otro fuero, a los Juzgados y Tribunales de Sevilla.<br \/><br \/><\/p><\/li><li><p>Modificaci\u00f3n del Aviso Legal: La Hermandad se reserva el derecho a modificar el presente aviso legal para adaptarlo a cambios legislativos o nuevas funcionalidades del sitio web. Estas modificaciones ser\u00e1n notificadas en la propia p\u00e1gina web.<\/p><\/li><\/ol>\t\t\t\t\t\t\t\t<\/div>\n\t\t\t\t<\/div>\n\t\t\t\t\t<\/div>\n\t\t\t\t<\/div>\n\t\t\t\t<\/div>\n\t\t","protected":false},"excerpt":{"rendered":"<p>Aviso Legal En cumplimiento con el deber de informaci\u00f3n establecido en el art\u00edculo 10 de la Ley 34\/2002, de Servicios [&hellip;]<\/p>\n","protected":false},"author":1,"featured_media":0,"parent":0,"menu_order":0,"comment_status":"closed","ping_status":"closed","template":"","meta":{"site-sidebar-layout":"no-sidebar","site-content-layout":"","ast-site-content-layout":"full-width-container","site-content-style":"default","site-sidebar-style":"default","ast-global-header-display":"","ast-banner-title-visibility":"","ast-main-header-display":"","ast-hfb-above-header-display":"","ast-hfb-below-header-display":"","ast-hfb-mobile-header-display":"","site-post-title":"disabled","ast-breadcrumbs-content":"","ast-featured-img":"disabled","footer-sml-layout":"","ast-disable-related-posts":"","theme-transparent-header-meta":"","adv-header-id-meta":"","stick-header-meta":"","header-above-stick-meta":"","header-main-stick-meta":"","header-below-stick-meta":"","astra-migrate-meta-layouts":"default","ast-page-background-enabled":"default","ast-page-background-meta":{"desktop":{"background-color":"var(--ast-global-color-4)","background-image":"","background-repeat":"repeat","background-position":"center center","background-size":"auto","background-attachment":"scroll","background-type":"","background-media":"","overlay-type":"","overlay-color":"","overlay-opacity":"","overlay-gradient":""},"tablet":{"background-color":"","background-image":"","background-repeat":"repeat","background-position":"center center","background-size":"auto","background-attachment":"scroll","background-type":"","background-media":"","overlay-type":"","overlay-color":"","overlay-opacity":"","overlay-gradient":""},"mobile":{"background-color":"","background-image":"","background-repeat":"repeat","background-position":"center center","background-size":"auto","background-attachment":"scroll","background-type":"","background-media":"","overlay-type":"","overlay-color":"","overlay-opacity":"","overlay-gradient":""}},"ast-content-background-meta":{"desktop":{"background-color":"var(--ast-global-color-5)","background-image":"","background-repeat":"repeat","background-position":"center center","background-size":"auto","background-attachment":"scroll","background-type":"","background-media":"","overlay-type":"","overlay-color":"","overlay-opacity":"","overlay-gradient":""},"tablet":{"background-color":"var(--ast-global-color-5)","background-image":"","background-repeat":"repeat","background-position":"center center","background-size":"auto","background-attachment":"scroll","background-type":"","background-media":"","overlay-type":"","overlay-color":"","overlay-opacity":"","overlay-gradient":""},"mobile":{"background-color":"var(--ast-global-color-5)","background-image":"","background-repeat":"repeat","background-position":"center center","background-size":"auto","background-attachment":"scroll","background-type":"","background-media":"","overlay-type":"","overlay-color":"","overlay-opacity":"","overlay-gradient":""}},"footnotes":""},"class_list":["post-3678","page","type-page","status-publish","hentry"],"_links":{"self":[{"href":"https:\/\/hermandaddelrociodelamacarena.org\/index.php?rest_route=\/wp\/v2\/pages\/3678","targetHints":{"allow":["GET"]}}],"collection":[{"href":"https:\/\/hermandaddelrociodelamacarena.org\/index.php?rest_route=\/wp\/v2\/pages"}],"about":[{"href":"https:\/\/hermandaddelrociodelamacarena.org\/index.php?rest_route=\/wp\/v2\/types\/page"}],"author":[{"embeddable":true,"href":"https:\/\/hermandaddelrociodelamacarena.org\/index.php?rest_route=\/wp\/v2\/users\/1"}],"replies":[{"embeddable":true,"href":"https:\/\/hermandaddelrociodelamacarena.org\/index.php?rest_route=%2Fwp%2Fv2%2Fcomments&post=3678"}],"version-history":[{"count":7,"href":"https:\/\/hermandaddelrociodelamacarena.org\/index.php?rest_route=\/wp\/v2\/pages\/3678\/revisions"}],"predecessor-version":[{"id":3687,"href":"https:\/\/hermandaddelrociodelamacarena.org\/index.php?rest_route=\/wp\/v2\/pages\/3678\/revisions\/3687"}],"wp:attachment":[{"href":"https:\/\/hermandaddelrociodelamacarena.org\/index.php?rest_route=%2Fwp%2Fv2%2Fmedia&parent=3678"}],"curies":[{"name":"wp","href":"https:\/\/api.w.org\/{rel}","templated":true}]}}