{"id":3680,"date":"2025-03-31T11:09:23","date_gmt":"2025-03-31T11:09:23","guid":{"rendered":"https:\/\/hermandaddelrociodelamacarena.es\/?page_id=3680"},"modified":"2025-04-04T19:23:14","modified_gmt":"2025-04-04T19:23:14","slug":"politica-de-privacidad","status":"publish","type":"page","link":"https:\/\/hermandaddelrociodelamacarena.org\/?page_id=3680","title":{"rendered":"Pol\u00edtica de privacidad"},"content":{"rendered":"\t\t<div data-elementor-type=\"wp-page\" data-elementor-id=\"3680\" class=\"elementor elementor-3680\" data-elementor-post-type=\"page\">\n\t\t\t\t<div class=\"elementor-element elementor-element-0c7fda1 e-flex e-con-boxed e-con e-parent\" data-id=\"0c7fda1\" data-element_type=\"container\" data-e-type=\"container\">\n\t\t\t\t\t<div class=\"e-con-inner\">\n\t\t\t\t\t<\/div>\n\t\t\t\t<\/div>\n\t\t<div class=\"elementor-element elementor-element-158974f e-flex e-con-boxed e-con e-parent\" data-id=\"158974f\" data-element_type=\"container\" data-e-type=\"container\">\n\t\t\t\t\t<div class=\"e-con-inner\">\n\t\t\t\t<div class=\"elementor-element elementor-element-e7f02a0 elementor-widget elementor-widget-spacer\" data-id=\"e7f02a0\" data-element_type=\"widget\" data-e-type=\"widget\" data-widget_type=\"spacer.default\">\n\t\t\t\t<div class=\"elementor-widget-container\">\n\t\t\t\t\t\t\t<div class=\"elementor-spacer\">\n\t\t\t<div class=\"elementor-spacer-inner\"><\/div>\n\t\t<\/div>\n\t\t\t\t\t\t<\/div>\n\t\t\t\t<\/div>\n\t\t\t\t<div class=\"elementor-element elementor-element-bc589c5 elementor-widget elementor-widget-heading\" data-id=\"bc589c5\" data-element_type=\"widget\" data-e-type=\"widget\" data-widget_type=\"heading.default\">\n\t\t\t\t<div class=\"elementor-widget-container\">\n\t\t\t\t\t<h2 class=\"elementor-heading-title elementor-size-default\">Pol\u00edtica de Privacidad<\/h2>\t\t\t\t<\/div>\n\t\t\t\t<\/div>\n\t\t\t\t\t<\/div>\n\t\t\t\t<\/div>\n\t\t<div class=\"elementor-element elementor-element-62b5679 e-flex e-con-boxed e-con e-parent\" data-id=\"62b5679\" data-element_type=\"container\" data-e-type=\"container\">\n\t\t\t\t\t<div class=\"e-con-inner\">\n\t\t\t\t<div class=\"elementor-element elementor-element-3767fcd elementor-widget elementor-widget-text-editor\" data-id=\"3767fcd\" data-element_type=\"widget\" data-e-type=\"widget\" data-widget_type=\"text-editor.default\">\n\t\t\t\t<div class=\"elementor-widget-container\">\n\t\t\t\t\t\t\t\t\t<ol start=\"1\" data-spread=\"true\" data-pm-slice=\"3 3 []\"><li><p>Responsable del Tratamiento de los Datos: La Hermandad del Roc\u00edo de la Macarena, con NIF G41414939 y domicilio en Calle Parras 32, 41002 &#8211; Sevilla, es responsable del tratamiento de los datos personales proporcionados por los usuarios a trav\u00e9s de la p\u00e1gina web <a>www.hermandaddelrociodelamacarena.org<\/a>.<br \/><br \/><\/p><\/li><li><p>Finalidad del Tratamiento de los Datos: Los datos personales ser\u00e1n tratados con las siguientes finalidades: gesti\u00f3n de consultas y solicitudes de informaci\u00f3n; inscripci\u00f3n y participaci\u00f3n en eventos y actividades; env\u00edo de comunicaciones informativas y promocionales; gesti\u00f3n administrativa y contable; cumplimiento de obligaciones legales y normativas; mejora de los servicios ofrecidos; y an\u00e1lisis estad\u00edsticos y perfiles para mejorar la experiencia del usuario.<br \/><br \/><\/p><\/li><li><p>Legitimaci\u00f3n para el Tratamiento de los Datos: El tratamiento de los datos personales se basa en el consentimiento del usuario al facilitar sus datos, el cumplimiento de obligaciones legales, la ejecuci\u00f3n de un contrato o inter\u00e9s leg\u00edtimo de la Hermandad para garantizar el adecuado funcionamiento de sus servicios.<br \/><br \/><\/p><\/li><li><p>Conservaci\u00f3n de los Datos: Los datos se conservar\u00e1n mientras sean necesarios para cumplir con las finalidades descritas y durante el tiempo exigido por la legislaci\u00f3n aplicable. En el caso de datos tratados con base en el consentimiento, se conservar\u00e1n hasta que el usuario revoque dicho consentimiento.<br \/><br \/><\/p><\/li><li><p>Derechos del Usuario: El usuario puede ejercer sus derechos de acceso, rectificaci\u00f3n, supresi\u00f3n, limitaci\u00f3n, portabilidad y oposici\u00f3n mediante comunicaci\u00f3n escrita a la Hermandad en la direcci\u00f3n indicada o por correo electr\u00f3nico, adjuntando copia de su DNI o documento identificativo equivalente.<br \/><br \/><\/p><\/li><li><p>Medidas de Seguridad: La Hermandad implementa medidas t\u00e9cnicas y organizativas para garantizar la seguridad e integridad de los datos personales, evitando su alteraci\u00f3n, p\u00e9rdida, tratamiento o acceso no autorizado.<br \/><br \/><\/p><\/li><li><p>Modificaci\u00f3n de la Pol\u00edtica de Privacidad: La Hermandad se reserva el derecho a modificar esta pol\u00edtica para adaptarla a novedades legislativas o jurisprudenciales, informando previamente a los usuarios.<\/p><\/li><\/ol>\t\t\t\t\t\t\t\t<\/div>\n\t\t\t\t<\/div>\n\t\t\t\t\t<\/div>\n\t\t\t\t<\/div>\n\t\t\t\t<\/div>\n\t\t","protected":false},"excerpt":{"rendered":"<p>Pol\u00edtica de Privacidad Responsable del Tratamiento de los Datos: La Hermandad del Roc\u00edo de la Macarena, con NIF G41414939 y [&hellip;]<\/p>\n","protected":false},"author":1,"featured_media":0,"parent":0,"menu_order":0,"comment_status":"closed","ping_status":"closed","template":"","meta":{"site-sidebar-layout":"no-sidebar","site-content-layout":"","ast-site-content-layout":"full-width-container","site-content-style":"default","site-sidebar-style":"default","ast-global-header-display":"","ast-banner-title-visibility":"","ast-main-header-display":"","ast-hfb-above-header-display":"","ast-hfb-below-header-display":"","ast-hfb-mobile-header-display":"","site-post-title":"disabled","ast-breadcrumbs-content":"","ast-featured-img":"disabled","footer-sml-layout":"","ast-disable-related-posts":"","theme-transparent-header-meta":"","adv-header-id-meta":"","stick-header-meta":"","header-above-stick-meta":"","header-main-stick-meta":"","header-below-stick-meta":"","astra-migrate-meta-layouts":"default","ast-page-background-enabled":"default","ast-page-background-meta":{"desktop":{"background-color":"var(--ast-global-color-4)","background-image":"","background-repeat":"repeat","background-position":"center center","background-size":"auto","background-attachment":"scroll","background-type":"","background-media":"","overlay-type":"","overlay-color":"","overlay-opacity":"","overlay-gradient":""},"tablet":{"background-color":"","background-image":"","background-repeat":"repeat","background-position":"center center","background-size":"auto","background-attachment":"scroll","background-type":"","background-media":"","overlay-type":"","overlay-color":"","overlay-opacity":"","overlay-gradient":""},"mobile":{"background-color":"","background-image":"","background-repeat":"repeat","background-position":"center center","background-size":"auto","background-attachment":"scroll","background-type":"","background-media":"","overlay-type":"","overlay-color":"","overlay-opacity":"","overlay-gradient":""}},"ast-content-background-meta":{"desktop":{"background-color":"var(--ast-global-color-5)","background-image":"","background-repeat":"repeat","background-position":"center center","background-size":"auto","background-attachment":"scroll","background-type":"","background-media":"","overlay-type":"","overlay-color":"","overlay-opacity":"","overlay-gradient":""},"tablet":{"background-color":"var(--ast-global-color-5)","background-image":"","background-repeat":"repeat","background-position":"center center","background-size":"auto","background-attachment":"scroll","background-type":"","background-media":"","overlay-type":"","overlay-color":"","overlay-opacity":"","overlay-gradient":""},"mobile":{"background-color":"var(--ast-global-color-5)","background-image":"","background-repeat":"repeat","background-position":"center center","background-size":"auto","background-attachment":"scroll","background-type":"","background-media":"","overlay-type":"","overlay-color":"","overlay-opacity":"","overlay-gradient":""}},"footnotes":""},"class_list":["post-3680","page","type-page","status-publish","hentry"],"_links":{"self":[{"href":"https:\/\/hermandaddelrociodelamacarena.org\/index.php?rest_route=\/wp\/v2\/pages\/3680","targetHints":{"allow":["GET"]}}],"collection":[{"href":"https:\/\/hermandaddelrociodelamacarena.org\/index.php?rest_route=\/wp\/v2\/pages"}],"about":[{"href":"https:\/\/hermandaddelrociodelamacarena.org\/index.php?rest_route=\/wp\/v2\/types\/page"}],"author":[{"embeddable":true,"href":"https:\/\/hermandaddelrociodelamacarena.org\/index.php?rest_route=\/wp\/v2\/users\/1"}],"replies":[{"embeddable":true,"href":"https:\/\/hermandaddelrociodelamacarena.org\/index.php?rest_route=%2Fwp%2Fv2%2Fcomments&post=3680"}],"version-history":[{"count":16,"href":"https:\/\/hermandaddelrociodelamacarena.org\/index.php?rest_route=\/wp\/v2\/pages\/3680\/revisions"}],"predecessor-version":[{"id":3703,"href":"https:\/\/hermandaddelrociodelamacarena.org\/index.php?rest_route=\/wp\/v2\/pages\/3680\/revisions\/3703"}],"wp:attachment":[{"href":"https:\/\/hermandaddelrociodelamacarena.org\/index.php?rest_route=%2Fwp%2Fv2%2Fmedia&parent=3680"}],"curies":[{"name":"wp","href":"https:\/\/api.w.org\/{rel}","templated":true}]}}