{"id":672,"date":"2024-12-03T11:23:38","date_gmt":"2024-12-03T11:23:38","guid":{"rendered":"https:\/\/hermandaddelrociodelamacarena.es\/?page_id=672"},"modified":"2025-04-04T19:23:13","modified_gmt":"2025-04-04T19:23:13","slug":"historia","status":"publish","type":"page","link":"https:\/\/hermandaddelrociodelamacarena.org\/?page_id=672","title":{"rendered":"HISTORIA"},"content":{"rendered":"\t\t<div data-elementor-type=\"wp-page\" data-elementor-id=\"672\" class=\"elementor elementor-672\" data-elementor-post-type=\"page\">\n\t\t\t\t<div class=\"elementor-element elementor-element-b102caa e-flex e-con-boxed e-con e-parent\" data-id=\"b102caa\" data-element_type=\"container\" data-e-type=\"container\">\n\t\t\t\t\t<div class=\"e-con-inner\">\n\t\t\t\t<div class=\"elementor-element elementor-element-ed1b693 elementor-widget elementor-widget-spacer\" data-id=\"ed1b693\" data-element_type=\"widget\" data-e-type=\"widget\" data-widget_type=\"spacer.default\">\n\t\t\t\t<div class=\"elementor-widget-container\">\n\t\t\t\t\t\t\t<div class=\"elementor-spacer\">\n\t\t\t<div class=\"elementor-spacer-inner\"><\/div>\n\t\t<\/div>\n\t\t\t\t\t\t<\/div>\n\t\t\t\t<\/div>\n\t\t\t\t<div class=\"elementor-element elementor-element-f1a7475 animated-fast elementor-invisible elementor-widget elementor-widget-heading\" data-id=\"f1a7475\" data-element_type=\"widget\" data-e-type=\"widget\" data-settings=\"{&quot;_animation&quot;:&quot;fadeIn&quot;,&quot;_animation_delay&quot;:100}\" data-widget_type=\"heading.default\">\n\t\t\t\t<div class=\"elementor-widget-container\">\n\t\t\t\t\t<h2 class=\"elementor-heading-title elementor-size-default\">historia<\/h2>\t\t\t\t<\/div>\n\t\t\t\t<\/div>\n\t\t\t\t\t<\/div>\n\t\t\t\t<\/div>\n\t\t<div class=\"elementor-element elementor-element-bc702d6 e-con-full e-flex e-con e-parent\" data-id=\"bc702d6\" data-element_type=\"container\" data-e-type=\"container\">\n\t\t\t\t<div class=\"elementor-element elementor-element-04c9b91 elementor-widget elementor-widget-text-editor\" data-id=\"04c9b91\" data-element_type=\"widget\" data-e-type=\"widget\" data-widget_type=\"text-editor.default\">\n\t\t\t\t<div class=\"elementor-widget-container\">\n\t\t\t\t\t\t\t\t\t<h2>\u00a0<\/h2><p><a href=\"https:\/\/hermandaddelrociodelamacarena.org\/wp-content\/uploads\/2017\/01\/FILE0391-e1485348570976.jpg\"><img fetchpriority=\"high\" decoding=\"async\" class=\"size-medium wp-image-217 alignleft\" src=\"https:\/\/hermandaddelrociodelamacarena.org\/wp-content\/uploads\/2017\/01\/FILE0391-300x225.jpg\" alt=\"\" width=\"300\" height=\"225\" \/><\/a>La devoci\u00f3n a la\u00a0<strong>Virgen del Roc\u00edo<\/strong>\u00a0es general en toda Andaluc\u00eda y especialmente en Sevilla. En el barrio de<strong>\u00a0La Macarena<\/strong>\u00a0dicha devoci\u00f3n motiv\u00f3 que en 1961, en una casa de la\u00a0<strong>Calle Parras<\/strong>\u00a0se organizase un viaje econ\u00f3mico al Roc\u00edo, en un cami\u00f3n, para ver a la\u00a0<strong>Reina de las Marismas<\/strong>\u00a0en su romer\u00eda, con la fatalidad de que tuvo un accidente en la Cuesta de las Doblas el 21 de Mayo de ese a\u00f1o, originando el fallecimiento de 22 rocieros y el \u201caletargamiento\u201d de la posible creaci\u00f3n de una hermandad rociera en el barrio.<\/p><p>En 1986 se estaba ejecutando el\u00a0<strong>Simpecado del Roc\u00edo<\/strong>\u00a0de Santiponce en los talleres de Carrasquilla y en visitas al verlo nacer, se despert\u00f3 en unos rocieros la inquietud de crear una\u00a0<strong>Hermandad del Roc\u00edo<\/strong>\u00a0en el barrio de la Macarena, empezando con reuniones en el Bar Azahar de San Juli\u00e1n para constituir una Asociaci\u00f3n Rociera con fecha 23 de Junio de 1986 (25 a\u00f1os m\u00e1s tarde de aquel fatal accidente) y alquilando un local como sede en el n\u00ba 31 de la c\/. Parras, precisamente la casa desde donde parti\u00f3 aquel cami\u00f3n. Igualmente fuimos acogidos en\u00a0<strong>San Gil<\/strong>, cuyo p\u00e1rroco y primer Hermano de Honor,\u00a0<strong>D. Manuel Dom\u00ednguez Bermejo<\/strong>, nos abri\u00f3 las puertas de la Sede Can\u00f3nica.<\/p><p><a href=\"https:\/\/hermandaddelrociodelamacarena.org\/wp-content\/uploads\/2017\/01\/FILE0557-e1485348503725.jpg\"><img decoding=\"async\" class=\"size-medium wp-image-215 alignright\" src=\"https:\/\/hermandaddelrociodelamacarena.org\/wp-content\/uploads\/2017\/01\/FILE0557-300x225.jpg\" alt=\"\" width=\"300\" height=\"225\" \/><\/a>Con el tiempo, mucho trabajo y amor, los once fundadores incluido D.\u00a0<strong>Jos\u00e9 Guillermo Carrasquilla Perea<\/strong>, primer Presidente de la\u00a0<strong>Asociaci\u00f3n Rociera Macarena<\/strong>, consiguieron llegar a las metas de\u00a0<strong>Erecci\u00f3n Can\u00f3nica como Hermandad<\/strong>\u00a0(8 de diciembre de 1989),\u00a0<strong>Bendici\u00f3n del Simpecado<\/strong>\u00a0(17 de febrero de 1990) y admisi\u00f3n como\u00a0<strong>Hermandad Filial<\/strong>\u00a0(31 de enero de 1991) por lo que la Virgen se pudo reflejar en el Simpecado Macareno por primera vez el\u00a0<strong>Lunes de Pentecost\u00e9s<\/strong>\u00a020 de Mayo de 1991 a las 6\u201945 de la ma\u00f1ana, en\u00a0El Acebuchal.<\/p><p>Al regreso de esa romer\u00eda, el Simpecado Macareno pas\u00f3 por delante de su\u00a0<strong>Casa Hermandad<\/strong>, treinta a\u00f1os despu\u00e9s de aquel accidente, y en el techo de su carreta brillaban\u00a0<strong>22 estrellas de plata<\/strong>\u00a0en recuerdo de los que consideramos verdaderos\u00a0<strong>fundadores<\/strong>\u00a0de esta Hermandad.<\/p><p>Otros\u00a0<strong>hitos importantes<\/strong>\u00a0de nuestros or\u00edgenes son:<\/p><ul><li><strong>Primera romer\u00eda<\/strong>\u00a0como Asociaci\u00f3n en 1987 acompa\u00f1ando a la Hdad. de Dos Hermanas.<\/li><li>Aprobaci\u00f3n de las\u00a0<strong>Reglas de la Hermandad<\/strong>\u00a0el 23 de febrero de 1989<\/li><li>Romer\u00eda de 1991, primera vez que nuestro Bendito Simpecado va al Roc\u00edo\u00a0<strong>acompa\u00f1ando a la Hermandad de Triana<\/strong>\u00a0que nos amadrina.<\/li><li>Se adquiere un solar y se construye la<strong>\u00a0nueva Casa Hermandad<\/strong>\u00a0(propia), que es inaugurada 14 de diciembre de 2008, siendo bendecida por el Se\u00f1or Cardenal\u00a0<strong>Fray Carlos Amigo Vallejo<\/strong>.<\/li><li>El 26 abril de 2019 nuestro Bendito Simpecado preside el\u00a0<strong>Preg\u00f3n de las Hermandades de Glorias<\/strong>\u00a0que tuvo lugar en la Santa Iglesia Catedral de Sevilla.<\/li><li>El 30 de mayo de 2019, festividad de San Fernando, el Ayuntamiento de Sevilla entreg\u00f3 la<strong>\u00a0Medalla de la Ciudad<\/strong>\u00a0a nuestra corporaci\u00f3n\u00a0por su trayectoria en el fomento de los valores humanos y su labor social en beneficio de la comunidad y los colectivos m\u00e1s necesitados durante\u00a0tres d\u00e9cadas en las que ha llevado la devoci\u00f3n a\u00a0la Blanca Paloma por nuestro barrio.<\/li><\/ul><p><a href=\"https:\/\/hermandaddelrociodelamacarena.org\/wp-content\/uploads\/2017\/01\/FILE0568-e1485348949428.jpg\"><img decoding=\"async\" class=\"size-medium wp-image-216 alignleft\" src=\"https:\/\/hermandaddelrociodelamacarena.org\/wp-content\/uploads\/2017\/01\/FILE0568-e1485348949428-300x150.jpg\" sizes=\"(max-width: 300px) 100vw, 300px\" srcset=\"https:\/\/hermandaddelrociodelamacarena.org\/wp-content\/uploads\/2017\/01\/FILE0568-e1485348949428-300x150.jpg 300w, https:\/\/hermandaddelrociodelamacarena.org\/wp-content\/uploads\/2017\/01\/FILE0568-e1485348949428-600x300.jpg 600w, https:\/\/hermandaddelrociodelamacarena.org\/wp-content\/uploads\/2017\/01\/FILE0568-e1485348949428-768x384.jpg 768w, https:\/\/hermandaddelrociodelamacarena.org\/wp-content\/uploads\/2017\/01\/FILE0568-e1485348949428.jpg 800w\" alt=\"\" width=\"300\" height=\"150\" \/><\/a><\/p><p>Desde los or\u00edgenes hasta nuestros d\u00edas existen gran cantidad en fechas de actividades y actos, que han ido enriqueciendo a la Hermandad en su\u00a0<strong>compromiso<\/strong>, para lo que fue creada:\u00a0<strong>dar testimonio de amor a Dios, en Fe, Esperanza y Caridad, y hacer apostolado, amparados bajo el manto de la Madre del Pastor Divino, la Virgen del Rocio<\/strong><\/p>\t\t\t\t\t\t\t\t<\/div>\n\t\t\t\t<\/div>\n\t\t\t\t<\/div>\n\t\t\t\t<\/div>\n\t\t","protected":false},"excerpt":{"rendered":"<p>historia \u00a0 La devoci\u00f3n a la\u00a0Virgen del Roc\u00edo\u00a0es general en toda Andaluc\u00eda y especialmente en Sevilla. En el barrio de\u00a0La [&hellip;]<\/p>\n","protected":false},"author":1,"featured_media":0,"parent":0,"menu_order":0,"comment_status":"closed","ping_status":"closed","template":"","meta":{"site-sidebar-layout":"no-sidebar","site-content-layout":"","ast-site-content-layout":"full-width-container","site-content-style":"default","site-sidebar-style":"default","ast-global-header-display":"","ast-banner-title-visibility":"","ast-main-header-display":"","ast-hfb-above-header-display":"","ast-hfb-below-header-display":"","ast-hfb-mobile-header-display":"","site-post-title":"disabled","ast-breadcrumbs-content":"","ast-featured-img":"disabled","footer-sml-layout":"","ast-disable-related-posts":"","theme-transparent-header-meta":"","adv-header-id-meta":"","stick-header-meta":"","header-above-stick-meta":"","header-main-stick-meta":"","header-below-stick-meta":"","astra-migrate-meta-layouts":"default","ast-page-background-enabled":"default","ast-page-background-meta":{"desktop":{"background-color":"var(--ast-global-color-4)","background-image":"","background-repeat":"repeat","background-position":"center center","background-size":"auto","background-attachment":"scroll","background-type":"","background-media":"","overlay-type":"","overlay-color":"","overlay-opacity":"","overlay-gradient":""},"tablet":{"background-color":"","background-image":"","background-repeat":"repeat","background-position":"center center","background-size":"auto","background-attachment":"scroll","background-type":"","background-media":"","overlay-type":"","overlay-color":"","overlay-opacity":"","overlay-gradient":""},"mobile":{"background-color":"","background-image":"","background-repeat":"repeat","background-position":"center center","background-size":"auto","background-attachment":"scroll","background-type":"","background-media":"","overlay-type":"","overlay-color":"","overlay-opacity":"","overlay-gradient":""}},"ast-content-background-meta":{"desktop":{"background-color":"var(--ast-global-color-5)","background-image":"","background-repeat":"repeat","background-position":"center center","background-size":"auto","background-attachment":"scroll","background-type":"","background-media":"","overlay-type":"","overlay-color":"","overlay-opacity":"","overlay-gradient":""},"tablet":{"background-color":"var(--ast-global-color-5)","background-image":"","background-repeat":"repeat","background-position":"center center","background-size":"auto","background-attachment":"scroll","background-type":"","background-media":"","overlay-type":"","overlay-color":"","overlay-opacity":"","overlay-gradient":""},"mobile":{"background-color":"var(--ast-global-color-5)","background-image":"","background-repeat":"repeat","background-position":"center center","background-size":"auto","background-attachment":"scroll","background-type":"","background-media":"","overlay-type":"","overlay-color":"","overlay-opacity":"","overlay-gradient":""}},"footnotes":""},"class_list":["post-672","page","type-page","status-publish","hentry"],"_links":{"self":[{"href":"https:\/\/hermandaddelrociodelamacarena.org\/index.php?rest_route=\/wp\/v2\/pages\/672","targetHints":{"allow":["GET"]}}],"collection":[{"href":"https:\/\/hermandaddelrociodelamacarena.org\/index.php?rest_route=\/wp\/v2\/pages"}],"about":[{"href":"https:\/\/hermandaddelrociodelamacarena.org\/index.php?rest_route=\/wp\/v2\/types\/page"}],"author":[{"embeddable":true,"href":"https:\/\/hermandaddelrociodelamacarena.org\/index.php?rest_route=\/wp\/v2\/users\/1"}],"replies":[{"embeddable":true,"href":"https:\/\/hermandaddelrociodelamacarena.org\/index.php?rest_route=%2Fwp%2Fv2%2Fcomments&post=672"}],"version-history":[{"count":34,"href":"https:\/\/hermandaddelrociodelamacarena.org\/index.php?rest_route=\/wp\/v2\/pages\/672\/revisions"}],"predecessor-version":[{"id":4062,"href":"https:\/\/hermandaddelrociodelamacarena.org\/index.php?rest_route=\/wp\/v2\/pages\/672\/revisions\/4062"}],"wp:attachment":[{"href":"https:\/\/hermandaddelrociodelamacarena.org\/index.php?rest_route=%2Fwp%2Fv2%2Fmedia&parent=672"}],"curies":[{"name":"wp","href":"https:\/\/api.w.org\/{rel}","templated":true}]}}