{"id":676,"date":"2024-12-03T11:23:56","date_gmt":"2024-12-03T11:23:56","guid":{"rendered":"https:\/\/hermandaddelrociodelamacarena.es\/?page_id=676"},"modified":"2025-03-31T17:21:11","modified_gmt":"2025-03-31T17:21:11","slug":"simpecado","status":"publish","type":"page","link":"https:\/\/hermandaddelrociodelamacarena.org\/?page_id=676","title":{"rendered":"SIMPECADO"},"content":{"rendered":"\t\t<div data-elementor-type=\"wp-page\" data-elementor-id=\"676\" class=\"elementor elementor-676\" data-elementor-post-type=\"page\">\n\t\t\t\t<div class=\"elementor-element elementor-element-856623c e-flex e-con-boxed e-con e-parent\" data-id=\"856623c\" data-element_type=\"container\" data-e-type=\"container\">\n\t\t\t\t\t<div class=\"e-con-inner\">\n\t\t\t\t<div class=\"elementor-element elementor-element-99bf5cb elementor-widget elementor-widget-spacer\" data-id=\"99bf5cb\" data-element_type=\"widget\" data-e-type=\"widget\" data-widget_type=\"spacer.default\">\n\t\t\t\t<div class=\"elementor-widget-container\">\n\t\t\t\t\t\t\t<div class=\"elementor-spacer\">\n\t\t\t<div class=\"elementor-spacer-inner\"><\/div>\n\t\t<\/div>\n\t\t\t\t\t\t<\/div>\n\t\t\t\t<\/div>\n\t\t\t\t<div class=\"elementor-element elementor-element-bc2dd34 animated-fast elementor-invisible elementor-widget elementor-widget-heading\" data-id=\"bc2dd34\" data-element_type=\"widget\" data-e-type=\"widget\" data-settings=\"{&quot;_animation&quot;:&quot;fadeIn&quot;,&quot;_animation_delay&quot;:100}\" data-widget_type=\"heading.default\">\n\t\t\t\t<div class=\"elementor-widget-container\">\n\t\t\t\t\t<h2 class=\"elementor-heading-title elementor-size-default\">SIMPECADO<\/h2>\t\t\t\t<\/div>\n\t\t\t\t<\/div>\n\t\t\t\t\t<\/div>\n\t\t\t\t<\/div>\n\t\t<div class=\"elementor-element elementor-element-6723dd2 e-con-full e-flex e-con e-parent\" data-id=\"6723dd2\" data-element_type=\"container\" data-e-type=\"container\">\n\t\t\t\t<div class=\"elementor-element elementor-element-337dc60 elementor-widget elementor-widget-text-editor\" data-id=\"337dc60\" data-element_type=\"widget\" data-e-type=\"widget\" data-widget_type=\"text-editor.default\">\n\t\t\t\t<div class=\"elementor-widget-container\">\n\t\t\t\t\t\t\t\t\t<h2><em><span style=\"color: #266749;\">El Simpecado<\/span>\u00a0<\/em><\/h2><p><a href=\"https:\/\/hermandaddelrociodelamacarena.org\/wp-content\/uploads\/2017\/02\/Virgen-Simpecado-1-de-1-3.jpg\"><img fetchpriority=\"high\" decoding=\"async\" class=\"size-medium wp-image-473 alignright\" src=\"https:\/\/hermandaddelrociodelamacarena.org\/wp-content\/uploads\/2017\/02\/Virgen-Simpecado-1-de-1-3-300x200.jpg\" sizes=\"(max-width: 300px) 100vw, 300px\" srcset=\"https:\/\/hermandaddelrociodelamacarena.org\/wp-content\/uploads\/2017\/02\/Virgen-Simpecado-1-de-1-3-300x200.jpg 300w, https:\/\/hermandaddelrociodelamacarena.org\/wp-content\/uploads\/2017\/02\/Virgen-Simpecado-1-de-1-3-600x400.jpg 600w, https:\/\/hermandaddelrociodelamacarena.org\/wp-content\/uploads\/2017\/02\/Virgen-Simpecado-1-de-1-3-768x512.jpg 768w, https:\/\/hermandaddelrociodelamacarena.org\/wp-content\/uploads\/2017\/02\/Virgen-Simpecado-1-de-1-3-1024x683.jpg 1024w, https:\/\/hermandaddelrociodelamacarena.org\/wp-content\/uploads\/2017\/02\/Virgen-Simpecado-1-de-1-3-1080x720.jpg 1080w\" alt=\"\" width=\"300\" height=\"200\" \/><\/a>Seg\u00fan explic\u00f3 el propio\u00a0<strong>D. Jos\u00e9 Carrasquilla<\/strong>, en el Bolet\u00edn de las Cofrad\u00edas n\u00ba 364 (enero 1990), el\u00a0<strong>Simpecado<\/strong>:\u00a0<em>\u201ces de estilo barroco, pero con parte\u00a0<\/em><em>de estilo\u00a0<strong>renacentista, bordado en oro y matizado\u00a0<\/strong><\/em><em><strong>con sedas de colores<\/strong>. La Virgen ir\u00e1 de candelero,\u00a0<\/em><em>de bulto, con sus<strong>\u00a0r\u00e1fagas<\/strong>, su<strong>\u00a0corona<\/strong>\u00a0y todos sus\u00a0<\/em><em>atributos. A su lado colocaremos dos\u00a0<strong>arc\u00e1ngeles<\/strong>\u00a0<\/em><em>con carne de\u00a0<strong>marfil<\/strong>\u00a0y vestidos con\u00a0<strong>bordados<\/strong>. Encima\u00a0<\/em><em>de la capilla en la que se sit\u00faa la Virgen ir\u00e1 un\u00a0<\/em><em><strong>sol bordado<\/strong>\u00a0en agua y en el centro la imagen del\u00a0<\/em><em><strong>Esp\u00edritu Santo<\/strong>\u00a0con una\u00a0<strong>paloma blanca<\/strong>\u00a0de marfil.\u00a0<\/em><em>Todo ello ir\u00e1 rematado con una\u00a0<strong>corona<\/strong>\u00a0real muy\u00a0<\/em><em><strong>voluminosa<\/strong>\u00a0que ampara la\u00a0<strong>Virgen<\/strong>\u201d<\/em>.<\/p><h2><span style=\"color: #266749;\"><em>An\u00e1lisis art\u00edstico<\/em><\/span><\/h2><p><strong>LA PALABRA simpecado<\/strong>\u00a0denomina al estandarte mariano por excelencia. Esta denominaci\u00f3n tiene su origen, como es bien conocido, en las palabras latinas<strong>\u00a0Sine Labe Concepta<\/strong>\u00a0(sin pecado concebida), que alude a la\u00a0<strong>Concepci\u00f3n Inmaculada de Mar\u00eda<\/strong>, m\u00e1xima demostraci\u00f3n de la preferencia de\u00a0<strong>Dios<\/strong>\u00a0por nuestra\u00a0<strong>Madre<\/strong>. A diferencia del sinelabe de las hermandades de penitencia, que solamente tienen su sentido en torno a la salida procesional de Semana Santa, el\u00a0<strong>simpecado<\/strong>\u00a0de las\u00a0<strong>hermandades del Roc\u00edo<\/strong>\u00a0tiene vigencia durante todo el a\u00f1o, salvando la presencia de la\u00a0<strong>Virgen del Roc\u00edo<\/strong>. La raz\u00f3n es que cada simpecado del Roc\u00edo representa a la Virgen, con un grado de\u00a0<strong>simbolog\u00eda<\/strong>\u00a0tan grande que lo convierte en una<strong>\u00a0devoci\u00f3n<\/strong>\u00a0profunda en s\u00ed misma.<\/p><p><strong><br \/><a href=\"https:\/\/hermandaddelrociodelamacarena.org\/wp-content\/uploads\/2017\/02\/B28_FOTO-Pg46_47c.jpg\"><img decoding=\"async\" class=\"size-medium wp-image-474 alignleft\" src=\"https:\/\/hermandaddelrociodelamacarena.org\/wp-content\/uploads\/2017\/02\/B28_FOTO-Pg46_47c-300x200.jpg\" sizes=\"(max-width: 300px) 100vw, 300px\" srcset=\"https:\/\/hermandaddelrociodelamacarena.org\/wp-content\/uploads\/2017\/02\/B28_FOTO-Pg46_47c-300x200.jpg 300w, https:\/\/hermandaddelrociodelamacarena.org\/wp-content\/uploads\/2017\/02\/B28_FOTO-Pg46_47c-600x401.jpg 600w, https:\/\/hermandaddelrociodelamacarena.org\/wp-content\/uploads\/2017\/02\/B28_FOTO-Pg46_47c-768x513.jpg 768w, https:\/\/hermandaddelrociodelamacarena.org\/wp-content\/uploads\/2017\/02\/B28_FOTO-Pg46_47c.jpg 800w\" alt=\"\" width=\"300\" height=\"200\" \/><\/a>El Simpecado de una Hermandad<\/strong>\u00a0representa, adem\u00e1s, el modo particular y \u00fanico de la\u00a0<strong>devoci\u00f3n<\/strong>\u00a0de una hermandad concreta y de cada hermano por la<strong>\u00a0Virgen<\/strong>. Por eso cada Simpecado es \u00fanico, puesto que a la vez que representa a la\u00a0<strong>Virgen del Roc\u00edo<\/strong>, es al mismo tiempo la plasmaci\u00f3n del cari\u00f1o de toda la\u00a0<strong>Hermandad<\/strong>. La historia de la Hermandad corre en paralelo a la vida del Simpecado. Desde la\u00a0<strong>fundaci\u00f3n<\/strong>\u00a0de la Asociaci\u00f3n el 23 de junio de 1986, la realizaci\u00f3n del Simpecado era un<strong>\u00a0objetivo<\/strong>, sobre todo desde que en octubre de 1987 fuera concedida la\u00a0<strong>Capilla de San Gil<\/strong>. En efecto, el 16 de abril de 1988 se presenta el boceto para el\u00a0<strong>dise\u00f1o<\/strong>\u00a0del Simpecado y el 27 de julio las\u00a0<strong>camaristas de Almonte<\/strong>\u00a0dan la primera\u00a0<strong>puntada simb\u00f3lica<\/strong>\u00a0en los Talleres de\u00a0<strong>Carrasquilla<\/strong>. La Virgen, original cuya cara y manos de marfil tall\u00f3<strong>\u00a0Juan Manuel Arenas<\/strong>, se aloja en el centro, entre un bordado de excepcional realce y dificultad de ejecuci\u00f3n, fue sustitu\u00edda en el a\u00f1o 2015 por una talla de madera policromada obra de\u00a0<strong>Fernando Aguado<\/strong>. A los lados de la Virgen,\u00a0 figuran dos \u00e1ngeles que tocan la\u00a0<strong>guitarra<\/strong>\u00a0y el\u00a0<strong>tamboril<\/strong>, realizados en marfil de\u00a0<strong>Juan Manuel Arenas<\/strong>.<\/p><p>Fue bendecido despu\u00e9s de casi dos a\u00f1os de trabajo\u00a0<a href=\"https:\/\/hermandaddelrociodelamacarena.org\/wp-content\/uploads\/2017\/02\/B28_FOTO-Pg08_24d2.jpg\"><img decoding=\"async\" class=\" wp-image-475 alignright\" src=\"https:\/\/hermandaddelrociodelamacarena.org\/wp-content\/uploads\/2017\/02\/B28_FOTO-Pg08_24d2-300x225.jpg\" sizes=\"(max-width: 300px) 100vw, 300px\" srcset=\"https:\/\/hermandaddelrociodelamacarena.org\/wp-content\/uploads\/2017\/02\/B28_FOTO-Pg08_24d2-300x225.jpg 300w, https:\/\/hermandaddelrociodelamacarena.org\/wp-content\/uploads\/2017\/02\/B28_FOTO-Pg08_24d2-600x450.jpg 600w, https:\/\/hermandaddelrociodelamacarena.org\/wp-content\/uploads\/2017\/02\/B28_FOTO-Pg08_24d2-768x576.jpg 768w, https:\/\/hermandaddelrociodelamacarena.org\/wp-content\/uploads\/2017\/02\/B28_FOTO-Pg08_24d2-510x382.jpg 510w, https:\/\/hermandaddelrociodelamacarena.org\/wp-content\/uploads\/2017\/02\/B28_FOTO-Pg08_24d2.jpg 800w\" alt=\"\" width=\"300\" height=\"225\" \/><\/a>el 17 de febrero de 1990 por el entonces arzobispo de Sevilla,\u00a0<strong>Fray Carlos Amigo Vallejo<\/strong>\u00a0en la Misa solemne en la Parroquia del Salvador y, posteriormente, trasladado a la Capilla de la\u00a0<strong>Parroquia de San Gil<\/strong>\u00a0donde se venera desde ese d\u00eda. El 15 de mayo de 1991 es puesto en la carreta por vez primera y emprende su primer camino junto con la\u00a0<strong>Hermandad del Roc\u00edo de Triana<\/strong>. La primera presentaci\u00f3n de Nuestro Simpecado a la Virgen tiene lugar en el\u00a0<strong>Acebuchal<\/strong>\u00a0al amanecer de\u00a0<strong>Pentecost\u00e9s<\/strong>\u00a0del 20 de Mayo de 1991.\u00a0<strong>Antonio Gardu\u00f1o Navas<\/strong>\u00a0realiz\u00f3 el dise\u00f1o sobre papel, a partir del cual se realizaron los trabajos de elaboraci\u00f3n del simpecado en los talleres de<strong>\u00a0Jos\u00e9 Guillermo Carrasquilla<\/strong>, entonces<strong>\u00a0Hermano Mayor<\/strong>\u00a0de la Hermandad.<\/p><p>Fuente informaci\u00f3n \u201cD. Ignacio Cano Rivero\u201d.<\/p><p>(Conservador Museo bellas Artes de Sevilla, Jefe del Departamento de Difusi\u00f3n)\u201d<\/p>\t\t\t\t\t\t\t\t<\/div>\n\t\t\t\t<\/div>\n\t\t\t\t<\/div>\n\t\t\t\t<\/div>\n\t\t","protected":false},"excerpt":{"rendered":"<p>SIMPECADO El Simpecado\u00a0 Seg\u00fan explic\u00f3 el propio\u00a0D. Jos\u00e9 Carrasquilla, en el Bolet\u00edn de las Cofrad\u00edas n\u00ba 364 (enero 1990), el\u00a0Simpecado:\u00a0\u201ces [&hellip;]<\/p>\n","protected":false},"author":1,"featured_media":0,"parent":0,"menu_order":0,"comment_status":"closed","ping_status":"closed","template":"","meta":{"site-sidebar-layout":"no-sidebar","site-content-layout":"","ast-site-content-layout":"full-width-container","site-content-style":"default","site-sidebar-style":"default","ast-global-header-display":"","ast-banner-title-visibility":"","ast-main-header-display":"","ast-hfb-above-header-display":"","ast-hfb-below-header-display":"","ast-hfb-mobile-header-display":"","site-post-title":"disabled","ast-breadcrumbs-content":"","ast-featured-img":"disabled","footer-sml-layout":"","ast-disable-related-posts":"","theme-transparent-header-meta":"","adv-header-id-meta":"","stick-header-meta":"","header-above-stick-meta":"","header-main-stick-meta":"","header-below-stick-meta":"","astra-migrate-meta-layouts":"default","ast-page-background-enabled":"default","ast-page-background-meta":{"desktop":{"background-color":"var(--ast-global-color-4)","background-image":"","background-repeat":"repeat","background-position":"center center","background-size":"auto","background-attachment":"scroll","background-type":"","background-media":"","overlay-type":"","overlay-color":"","overlay-opacity":"","overlay-gradient":""},"tablet":{"background-color":"","background-image":"","background-repeat":"repeat","background-position":"center center","background-size":"auto","background-attachment":"scroll","background-type":"","background-media":"","overlay-type":"","overlay-color":"","overlay-opacity":"","overlay-gradient":""},"mobile":{"background-color":"","background-image":"","background-repeat":"repeat","background-position":"center center","background-size":"auto","background-attachment":"scroll","background-type":"","background-media":"","overlay-type":"","overlay-color":"","overlay-opacity":"","overlay-gradient":""}},"ast-content-background-meta":{"desktop":{"background-color":"var(--ast-global-color-5)","background-image":"","background-repeat":"repeat","background-position":"center center","background-size":"auto","background-attachment":"scroll","background-type":"","background-media":"","overlay-type":"","overlay-color":"","overlay-opacity":"","overlay-gradient":""},"tablet":{"background-color":"var(--ast-global-color-5)","background-image":"","background-repeat":"repeat","background-position":"center center","background-size":"auto","background-attachment":"scroll","background-type":"","background-media":"","overlay-type":"","overlay-color":"","overlay-opacity":"","overlay-gradient":""},"mobile":{"background-color":"var(--ast-global-color-5)","background-image":"","background-repeat":"repeat","background-position":"center center","background-size":"auto","background-attachment":"scroll","background-type":"","background-media":"","overlay-type":"","overlay-color":"","overlay-opacity":"","overlay-gradient":""}},"footnotes":""},"class_list":["post-676","page","type-page","status-publish","hentry"],"_links":{"self":[{"href":"https:\/\/hermandaddelrociodelamacarena.org\/index.php?rest_route=\/wp\/v2\/pages\/676","targetHints":{"allow":["GET"]}}],"collection":[{"href":"https:\/\/hermandaddelrociodelamacarena.org\/index.php?rest_route=\/wp\/v2\/pages"}],"about":[{"href":"https:\/\/hermandaddelrociodelamacarena.org\/index.php?rest_route=\/wp\/v2\/types\/page"}],"author":[{"embeddable":true,"href":"https:\/\/hermandaddelrociodelamacarena.org\/index.php?rest_route=\/wp\/v2\/users\/1"}],"replies":[{"embeddable":true,"href":"https:\/\/hermandaddelrociodelamacarena.org\/index.php?rest_route=%2Fwp%2Fv2%2Fcomments&post=676"}],"version-history":[{"count":32,"href":"https:\/\/hermandaddelrociodelamacarena.org\/index.php?rest_route=\/wp\/v2\/pages\/676\/revisions"}],"predecessor-version":[{"id":4304,"href":"https:\/\/hermandaddelrociodelamacarena.org\/index.php?rest_route=\/wp\/v2\/pages\/676\/revisions\/4304"}],"wp:attachment":[{"href":"https:\/\/hermandaddelrociodelamacarena.org\/index.php?rest_route=%2Fwp%2Fv2%2Fmedia&parent=676"}],"curies":[{"name":"wp","href":"https:\/\/api.w.org\/{rel}","templated":true}]}}