{"id":678,"date":"2024-12-03T11:24:07","date_gmt":"2024-12-03T11:24:07","guid":{"rendered":"https:\/\/hermandaddelrociodelamacarena.es\/?page_id=678"},"modified":"2025-04-04T19:23:13","modified_gmt":"2025-04-04T19:23:13","slug":"medalla-y-escudo","status":"publish","type":"page","link":"https:\/\/hermandaddelrociodelamacarena.org\/?page_id=678","title":{"rendered":"ESCUDO Y MEDALLA"},"content":{"rendered":"\t\t<div data-elementor-type=\"wp-page\" data-elementor-id=\"678\" class=\"elementor elementor-678\" data-elementor-post-type=\"page\">\n\t\t\t\t<div class=\"elementor-element elementor-element-0465e02 e-flex e-con-boxed e-con e-parent\" data-id=\"0465e02\" data-element_type=\"container\" data-e-type=\"container\">\n\t\t\t\t\t<div class=\"e-con-inner\">\n\t\t\t\t<div class=\"elementor-element elementor-element-e4848af elementor-widget elementor-widget-spacer\" data-id=\"e4848af\" data-element_type=\"widget\" data-e-type=\"widget\" data-widget_type=\"spacer.default\">\n\t\t\t\t<div class=\"elementor-widget-container\">\n\t\t\t\t\t\t\t<div class=\"elementor-spacer\">\n\t\t\t<div class=\"elementor-spacer-inner\"><\/div>\n\t\t<\/div>\n\t\t\t\t\t\t<\/div>\n\t\t\t\t<\/div>\n\t\t\t\t<div class=\"elementor-element elementor-element-8f14b78 animated-fast elementor-invisible elementor-widget elementor-widget-heading\" data-id=\"8f14b78\" data-element_type=\"widget\" data-e-type=\"widget\" data-settings=\"{&quot;_animation&quot;:&quot;fadeIn&quot;,&quot;_animation_delay&quot;:100}\" data-widget_type=\"heading.default\">\n\t\t\t\t<div class=\"elementor-widget-container\">\n\t\t\t\t\t<h2 class=\"elementor-heading-title elementor-size-default\">eSCUDO Y MEDALLA<\/h2>\t\t\t\t<\/div>\n\t\t\t\t<\/div>\n\t\t\t\t\t<\/div>\n\t\t\t\t<\/div>\n\t\t<div class=\"elementor-element elementor-element-5b9af33 e-flex e-con-boxed e-con e-parent\" data-id=\"5b9af33\" data-element_type=\"container\" data-e-type=\"container\">\n\t\t\t\t\t<div class=\"e-con-inner\">\n\t\t\t\t<div class=\"elementor-element elementor-element-6520654 elementor-widget elementor-widget-text-editor\" data-id=\"6520654\" data-element_type=\"widget\" data-e-type=\"widget\" data-widget_type=\"text-editor.default\">\n\t\t\t\t<div class=\"elementor-widget-container\">\n\t\t\t\t\t\t\t\t\t<h2><span style=\"color: #266749;\"><em>El Escudo<\/em><\/span><\/h2><p>\u00a0<\/p><p>Lo forman\u00a0<strong>dos cartelas ovaladas<\/strong>, la de<a href=\"https:\/\/hermandaddelrociodelamacarena.org\/wp-content\/uploads\/2017\/02\/escudo.jpg\"><img decoding=\"async\" class=\" wp-image-485 alignright\" src=\"https:\/\/hermandaddelrociodelamacarena.org\/wp-content\/uploads\/2017\/02\/escudo-202x300.jpg\" alt=\"\" width=\"129\" height=\"192\" \/><\/a> la derecha con el\u00a0<strong>anagrama de Mar\u00eda<\/strong>, y la de la izquierda con\u00a0<strong>escudo de San Gil Abad<\/strong>.<br \/>Encima de ellos , y bajo la<strong>\u00a0Corona Real<\/strong>\u00a0que lo remata, un\u00a0<strong>haz de rayos<\/strong>\u00a0Y el<strong>\u00a0Esp\u00edritu Santo en forma de Paloma Blanca<\/strong>. En la parte inferior el distintivo de la\u00a0<strong>Casa Real<\/strong>\u00a0representado por tres\u00a0<strong>flores de lis<\/strong>. Todo ello rodeado de una art\u00edstica orla.<\/p><p>\u00a0<\/p><h2><span style=\"color: #266749;\"><em>La Medalla\u00a0<\/em><\/span><\/h2><p>\u00a0<\/p><p><a href=\"https:\/\/hermandaddelrociodelamacarena.org\/wp-content\/uploads\/2017\/02\/escudo-1.jpg\"><img decoding=\"async\" class=\" wp-image-564 alignleft\" src=\"https:\/\/hermandaddelrociodelamacarena.org\/wp-content\/uploads\/2017\/02\/escudo-1-273x300.jpg\" sizes=\"(max-width: 149px) 100vw, 149px\" srcset=\"https:\/\/hermandaddelrociodelamacarena.org\/wp-content\/uploads\/2017\/02\/escudo-1-273x300.jpg 273w, https:\/\/hermandaddelrociodelamacarena.org\/wp-content\/uploads\/2017\/02\/escudo-1.jpg 428w\" alt=\"\" width=\"149\" height=\"164\" \/><\/a><\/p><p>Dise\u00f1ada por el desaparecido\u00a0<strong>D. Antonio Gardu\u00f1o Navas<\/strong>, est\u00e1 compuesta de una cartela donde figura en su parte central una efigie de la\u00a0<strong>Virgen del Roc\u00edo<\/strong>\u00a0en metal dorado,a su derecha el\u00a0<strong>escudo de la ciudad de<\/strong>\u00a0<strong>Sevilla<\/strong>, a su izquierda el de\u00a0<strong>San Gil Abad<\/strong>, Y a sus pies el\u00a0<strong>Arco de la Macarena<\/strong>\u00a0que identifica nuestro barrio Se remata con\u00a0<strong>dos \u00e1ngeles corp\u00f3reos<\/strong>\u00a0que sujetan la\u00a0<strong>Corona Real<\/strong>.<strong>\u00a0La medalla<\/strong>\u00a0est\u00e1 confeccionada en metal plateado y pender\u00e1 de un cord\u00f3n trenzado con dos piernas de seda color oro viejo y una de seda color verde.<\/p>\t\t\t\t\t\t\t\t<\/div>\n\t\t\t\t<\/div>\n\t\t\t\t\t<\/div>\n\t\t\t\t<\/div>\n\t\t\t\t<\/div>\n\t\t","protected":false},"excerpt":{"rendered":"<p>eSCUDO Y MEDALLA El Escudo \u00a0 Lo forman\u00a0dos cartelas ovaladas, la de la derecha con el\u00a0anagrama de Mar\u00eda, y la [&hellip;]<\/p>\n","protected":false},"author":1,"featured_media":0,"parent":0,"menu_order":0,"comment_status":"closed","ping_status":"closed","template":"","meta":{"site-sidebar-layout":"no-sidebar","site-content-layout":"","ast-site-content-layout":"full-width-container","site-content-style":"default","site-sidebar-style":"default","ast-global-header-display":"","ast-banner-title-visibility":"","ast-main-header-display":"","ast-hfb-above-header-display":"","ast-hfb-below-header-display":"","ast-hfb-mobile-header-display":"","site-post-title":"disabled","ast-breadcrumbs-content":"","ast-featured-img":"disabled","footer-sml-layout":"","ast-disable-related-posts":"","theme-transparent-header-meta":"","adv-header-id-meta":"","stick-header-meta":"","header-above-stick-meta":"","header-main-stick-meta":"","header-below-stick-meta":"","astra-migrate-meta-layouts":"default","ast-page-background-enabled":"default","ast-page-background-meta":{"desktop":{"background-color":"var(--ast-global-color-4)","background-image":"","background-repeat":"repeat","background-position":"center center","background-size":"auto","background-attachment":"scroll","background-type":"","background-media":"","overlay-type":"","overlay-color":"","overlay-opacity":"","overlay-gradient":""},"tablet":{"background-color":"","background-image":"","background-repeat":"repeat","background-position":"center center","background-size":"auto","background-attachment":"scroll","background-type":"","background-media":"","overlay-type":"","overlay-color":"","overlay-opacity":"","overlay-gradient":""},"mobile":{"background-color":"","background-image":"","background-repeat":"repeat","background-position":"center center","background-size":"auto","background-attachment":"scroll","background-type":"","background-media":"","overlay-type":"","overlay-color":"","overlay-opacity":"","overlay-gradient":""}},"ast-content-background-meta":{"desktop":{"background-color":"var(--ast-global-color-5)","background-image":"","background-repeat":"repeat","background-position":"center center","background-size":"auto","background-attachment":"scroll","background-type":"","background-media":"","overlay-type":"","overlay-color":"","overlay-opacity":"","overlay-gradient":""},"tablet":{"background-color":"var(--ast-global-color-5)","background-image":"","background-repeat":"repeat","background-position":"center center","background-size":"auto","background-attachment":"scroll","background-type":"","background-media":"","overlay-type":"","overlay-color":"","overlay-opacity":"","overlay-gradient":""},"mobile":{"background-color":"var(--ast-global-color-5)","background-image":"","background-repeat":"repeat","background-position":"center center","background-size":"auto","background-attachment":"scroll","background-type":"","background-media":"","overlay-type":"","overlay-color":"","overlay-opacity":"","overlay-gradient":""}},"footnotes":""},"class_list":["post-678","page","type-page","status-publish","hentry"],"_links":{"self":[{"href":"https:\/\/hermandaddelrociodelamacarena.org\/index.php?rest_route=\/wp\/v2\/pages\/678","targetHints":{"allow":["GET"]}}],"collection":[{"href":"https:\/\/hermandaddelrociodelamacarena.org\/index.php?rest_route=\/wp\/v2\/pages"}],"about":[{"href":"https:\/\/hermandaddelrociodelamacarena.org\/index.php?rest_route=\/wp\/v2\/types\/page"}],"author":[{"embeddable":true,"href":"https:\/\/hermandaddelrociodelamacarena.org\/index.php?rest_route=\/wp\/v2\/users\/1"}],"replies":[{"embeddable":true,"href":"https:\/\/hermandaddelrociodelamacarena.org\/index.php?rest_route=%2Fwp%2Fv2%2Fcomments&post=678"}],"version-history":[{"count":41,"href":"https:\/\/hermandaddelrociodelamacarena.org\/index.php?rest_route=\/wp\/v2\/pages\/678\/revisions"}],"predecessor-version":[{"id":4074,"href":"https:\/\/hermandaddelrociodelamacarena.org\/index.php?rest_route=\/wp\/v2\/pages\/678\/revisions\/4074"}],"wp:attachment":[{"href":"https:\/\/hermandaddelrociodelamacarena.org\/index.php?rest_route=%2Fwp%2Fv2%2Fmedia&parent=678"}],"curies":[{"name":"wp","href":"https:\/\/api.w.org\/{rel}","templated":true}]}}