{"id":680,"date":"2024-12-03T11:24:19","date_gmt":"2024-12-03T11:24:19","guid":{"rendered":"https:\/\/hermandaddelrociodelamacarena.es\/?page_id=680"},"modified":"2025-04-04T19:23:13","modified_gmt":"2025-04-04T19:23:13","slug":"patrimonio","status":"publish","type":"page","link":"https:\/\/hermandaddelrociodelamacarena.org\/?page_id=680","title":{"rendered":"PATRIMONIO"},"content":{"rendered":"\t\t<div data-elementor-type=\"wp-page\" data-elementor-id=\"680\" class=\"elementor elementor-680\" data-elementor-post-type=\"page\">\n\t\t\t\t<div class=\"elementor-element elementor-element-39ee47b e-flex e-con-boxed e-con e-parent\" data-id=\"39ee47b\" data-element_type=\"container\" data-e-type=\"container\">\n\t\t\t\t\t<div class=\"e-con-inner\">\n\t\t\t\t<div class=\"elementor-element elementor-element-b50d85a elementor-widget elementor-widget-spacer\" data-id=\"b50d85a\" data-element_type=\"widget\" data-e-type=\"widget\" data-widget_type=\"spacer.default\">\n\t\t\t\t<div class=\"elementor-widget-container\">\n\t\t\t\t\t\t\t<div class=\"elementor-spacer\">\n\t\t\t<div class=\"elementor-spacer-inner\"><\/div>\n\t\t<\/div>\n\t\t\t\t\t\t<\/div>\n\t\t\t\t<\/div>\n\t\t\t\t<div class=\"elementor-element elementor-element-99ade83 animated-fast elementor-invisible elementor-widget elementor-widget-heading\" data-id=\"99ade83\" data-element_type=\"widget\" data-e-type=\"widget\" data-settings=\"{&quot;_animation&quot;:&quot;fadeIn&quot;,&quot;_animation_delay&quot;:100}\" data-widget_type=\"heading.default\">\n\t\t\t\t<div class=\"elementor-widget-container\">\n\t\t\t\t\t<h2 class=\"elementor-heading-title elementor-size-default\">PATRIMONIO<\/h2>\t\t\t\t<\/div>\n\t\t\t\t<\/div>\n\t\t\t\t\t<\/div>\n\t\t\t\t<\/div>\n\t\t<div class=\"elementor-element elementor-element-38241b0 e-con-full e-flex e-con e-parent\" data-id=\"38241b0\" data-element_type=\"container\" data-e-type=\"container\">\n\t\t\t\t<div class=\"elementor-element elementor-element-c6ed250 elementor-widget elementor-widget-text-editor\" data-id=\"c6ed250\" data-element_type=\"widget\" data-e-type=\"widget\" data-widget_type=\"text-editor.default\">\n\t\t\t\t<div class=\"elementor-widget-container\">\n\t\t\t\t\t\t\t\t\t<h4><span style=\"color: #266749;\"><em>Casa Hermandad<\/em><\/span><\/h4><p><a href=\"https:\/\/hermandaddelrociodelamacarena.org\/wp-content\/uploads\/2017\/01\/patrimonio-casa-hermandad.jpg\"><img fetchpriority=\"high\" decoding=\"async\" class=\"size-medium wp-image-568 alignleft\" src=\"https:\/\/hermandaddelrociodelamacarena.org\/wp-content\/uploads\/2017\/01\/patrimonio-casa-hermandad-300x200.jpg\" sizes=\"(max-width: 300px) 100vw, 300px\" srcset=\"https:\/\/hermandaddelrociodelamacarena.org\/wp-content\/uploads\/2017\/01\/patrimonio-casa-hermandad-300x200.jpg 300w, https:\/\/hermandaddelrociodelamacarena.org\/wp-content\/uploads\/2017\/01\/patrimonio-casa-hermandad-600x400.jpg 600w, https:\/\/hermandaddelrociodelamacarena.org\/wp-content\/uploads\/2017\/01\/patrimonio-casa-hermandad-768x512.jpg 768w, https:\/\/hermandaddelrociodelamacarena.org\/wp-content\/uploads\/2017\/01\/patrimonio-casa-hermandad-1024x683.jpg 1024w, https:\/\/hermandaddelrociodelamacarena.org\/wp-content\/uploads\/2017\/01\/patrimonio-casa-hermandad-1080x720.jpg 1080w\" alt=\"\" width=\"300\" height=\"200\" \/><\/a>La\u00a0<strong>Casa de Hermandad<\/strong>\u00a0de nuestra corporaci\u00f3n, se encuentra en el N\u00ba 32 de la C\/ Parras, del sevillano\u00a0<strong>Barrio de la Macarena<\/strong>. Cuenta con\u00a0<strong>dos plantas<\/strong>\u00a0adem\u00e1s del bajo, donde se encuentra en la entrada a la derecha, durante todo el a\u00f1o expuesta Nuestra\u00a0<strong>Carreta de Simpecado<\/strong>. En la 1\u00ba Planta, hay un \u00a0<strong>sal\u00f3n de actos<\/strong>, presidido por un cuadro de la\u00a0<strong>Virgen del Roc\u00edo<\/strong>\u00a0que ya se encontraba en la antigua casa Hermandad (donado por un grupo de hermanos) , y el despacho del\u00a0<strong>Hermano Mayor<\/strong>. \u00a0En la planta superior las\u00a0<strong>oficinas y despachos<\/strong>\u00a0de Mayordom\u00eda y Secretar\u00eda . Casa \u00a0adquirida en el a\u00f1o 1996,siendo Hermano Mayor D.\u00a0<strong>Emilio Almenara Casta\u00f1o<\/strong>. Es proyectada \u00a0y ejecutada durante el mandato de la\u00a0<strong>Junta de Gobierno<\/strong>\u00a0presidida por\u00a0<strong>\u00a0D. Manuel Vel\u00e1zquez Diana<\/strong>. Se inaugura el 14 de Diciembre de 2008 en \u00a0Funci\u00f3n solemne oficiada por Su Eminencia Reverend\u00edsima Cardenal Arzobispo de Sevilla ,\u00a0<strong>Fray Carlos Amigo Vallejo<\/strong>, concelebrada por nuestro Director espiritual del momento, y p\u00e1rroco de San Gil Abad, el\u00a0<strong>Rvdo. P.D. Antonio Borrego Cobos<\/strong>, por el Rvdo. P.D.\u00a0<strong>Juan Romero Dom\u00ednguez<\/strong>, coadjuntor de la citada parroquia, y por el\u00a0<strong>Rvdo. P.D. Manuel Gordillo Ca\u00f1as<\/strong>, rector de la Bas\u00edlica de\u00a0<strong>Santa Mar\u00eda de la Esperanza<\/strong>, siendo Hermano Mayor D.\u00a0<strong>Jes\u00fas Reina Sousa<\/strong>.<\/p><h4><span style=\"color: #266749;\"><em>Carreta<\/em><\/span><\/h4><p>Nuestra\u00a0<strong>carreta<\/strong>\u00a0es de<strong>\u00a0plata de ley<\/strong>\u00a0y obedece al dise\u00f1o que realiz\u00f3\u00a0<strong>D. Antonio Gardu\u00f1o<\/strong>, que la concibi\u00f3 como \u2013son sus palabras- un\u00a0<strong>\u201csantuario de plata\u201d<\/strong>, habiendo sido ejecutada en\u00a0<strong>Orfebrer\u00eda Triana<\/strong>\u00a0en distintas fases, si bien desde el primer a\u00f1o en que era de madera y con una sola columna de plata ya segu\u00eda el dise\u00f1o inicial. Es una magn\u00edfica obra que nos ha sido solicitada para participar, entera o por partes, en numerosas exposiciones de Orfebrer\u00eda y de Arte Sacro. El\u00a0<strong>\u201ccaj\u00f3n\u201d<\/strong>\u00a0es obra del desaparecido\u00a0<strong>Pedro Guzm\u00e1n de Bollullos de la Mitaci\u00f3n<\/strong>, de grandes dimensiones, lleva\u00a0<strong>ruedas<\/strong>\u00a010 cm mayor de di\u00e1metro de lo habitual para aliviar el trabajo de los\u00a0<strong>bueyes<\/strong>\u00a0que tiran de ella.\u00a0<a href=\"https:\/\/hermandaddelrociodelamacarena.org\/wp-content\/uploads\/2017\/01\/CIMG0912.jpg\"><img decoding=\"async\" class=\"size-medium wp-image-482 alignright\" src=\"https:\/\/hermandaddelrociodelamacarena.org\/wp-content\/uploads\/2017\/01\/CIMG0912-225x300.jpg\" sizes=\"(max-width: 225px) 100vw, 225px\" srcset=\"https:\/\/hermandaddelrociodelamacarena.org\/wp-content\/uploads\/2017\/01\/CIMG0912-225x300.jpg 225w, https:\/\/hermandaddelrociodelamacarena.org\/wp-content\/uploads\/2017\/01\/CIMG0912-600x800.jpg 600w, https:\/\/hermandaddelrociodelamacarena.org\/wp-content\/uploads\/2017\/01\/CIMG0912-768x1024.jpg 768w, https:\/\/hermandaddelrociodelamacarena.org\/wp-content\/uploads\/2017\/01\/CIMG0912-1080x1440.jpg 1080w, https:\/\/hermandaddelrociodelamacarena.org\/wp-content\/uploads\/2017\/01\/CIMG0912-scaled.jpg 1920w\" alt=\"\" width=\"225\" height=\"300\" \/><\/a>Seg\u00fan manifestaba el\u00a0<strong>Sr. Gardu\u00f1o<\/strong>, a la hora de\u00a0<strong>dise\u00f1arla<\/strong>\u00a0no quer\u00eda que se pareciese a ninguna otra, sino plasmar\u00a0<strong>originalidad<\/strong>\u00a0(tom\u00f3 fotos de las carretas existentes entonces para que no se pareciese a ninguna) adem\u00e1s de tener en cuenta la\u00a0<strong>finalidad<\/strong>\u00a0de la misma, que no es otra que la de albergar ese peque\u00f1o retablo que constituye el<\/p><p><span style=\"font-size: 16px;\">\u00a0<\/span><strong style=\"font-size: 16px;\">Simpecado<\/strong><span style=\"font-size: 16px;\"> con la\u00a0<\/span><strong style=\"font-size: 16px;\">Virgen del Roc\u00edo<\/strong><span style=\"font-size: 16px;\">\u00a0y su\u00a0<\/span><strong style=\"font-size: 16px;\">Divino Hijo<\/strong><span style=\"font-size: 16px;\">. Por eso hizo un dise\u00f1o pensando en que fuese un templo ambulante\u00a0<\/span><strong style=\"font-size: 16px;\">cargado de Simbolismo Mariano<\/strong><span style=\"font-size: 16px;\">, como si de un\u00a0<\/span><strong style=\"font-size: 16px;\">sagrario<\/strong><span style=\"font-size: 16px;\">\u00a0se tratase. As\u00ed el techo est\u00e1 concebido como una\u00a0<\/span><strong style=\"font-size: 16px;\">b\u00f3veda<\/strong><span style=\"font-size: 16px;\">\u00a0con cuatro grandes cartelas con\u00a0<\/span><strong style=\"font-size: 16px;\">escenas de la vida<\/strong><span style=\"font-size: 16px;\">\u00a0de la Virgen:\u00a0<\/span><strong style=\"font-size: 16px;\">La Anunciaci\u00f3n<\/strong><span style=\"font-size: 16px;\">\u00a0(<\/span><em style=\"font-size: 16px;\">Ah\u00ed empez\u00f3 todo<\/em><span style=\"font-size: 16px;\">),\u00a0<\/span><strong style=\"font-size: 16px;\">la Huida a Egipto<\/strong><span style=\"font-size: 16px;\">\u00a0(<\/span><em style=\"font-size: 16px;\">El primer camino<\/em><span style=\"font-size: 16px;\">),<\/span><strong style=\"font-size: 16px;\">\u00a0La Coronaci\u00f3n de la Virgen<\/strong><span style=\"font-size: 16px;\">\u00a0(<\/span><em style=\"font-size: 16px;\">lo que es, una Reina<\/em><span style=\"font-size: 16px;\">) y\u00a0<\/span><strong style=\"font-size: 16px;\">la Venida del Esp\u00edritu Santo o Pentecost\u00e9s<\/strong><span style=\"font-size: 16px;\">\u00a0(lo que celebramos en la Romer\u00eda). S\u00ed hubo inspiraci\u00f3n en algunos\u00a0<\/span><strong style=\"font-size: 16px;\">elementos marianos<\/strong><span style=\"font-size: 16px;\">\u00a0de nuestra ciudad adapt\u00e1ndolos al nuevo destino, como por ej<\/span><span style=\"font-size: 16px; font-style: normal; font-weight: 400;\">emplo el inicio de las columnas inspiradas en las jarras de flores del paso de<\/span><strong style=\"font-size: 16px; font-style: normal;\">\u00a0Ntra. Sra. del Mayor Dolor<\/strong><span style=\"font-size: 16px; font-style: normal; font-weight: 400;\">\u00a0<\/span><strong style=\"font-size: 16px; font-style: normal;\">y Traspaso<\/strong><span style=\"font-size: 16px; font-style: normal; font-weight: 400;\">\u00a0(Gran Poder) o en las\u00a0<\/span><strong style=\"font-size: 16px; font-style: normal;\">capillitas de los faldones<\/strong><span style=\"font-size: 16px; font-style: normal; font-weight: 400;\">. Tambi\u00e9n la\u00a0<\/span><strong style=\"font-size: 16px; font-style: normal;\">\u201ccupulita\u201d o \u201clinterna\u201d<\/strong><span style=\"font-size: 16px; font-style: normal; font-weight: 400;\">\u00a0situada en el centro del techo, sobre el Simpecado, con sus ventanitas que dejan entrar la luz del sol, de c<\/span><span style=\"font-size: 16px; font-style: normal; font-weight: 400;\">lar<\/span><span style=\"font-size: 16px; font-style: normal; font-weight: 400;\">a inspiraci\u00f3n en la que remata la\u00a0<\/span><strong style=\"font-size: 16px; font-style: normal;\">Bas\u00edlica del Cristo de la Expiraci\u00f3n<\/strong><span style=\"font-size: 16px; font-style: normal; font-weight: 400;\">\u00a0(Cachorro) con quien tanta vinculaci\u00f3n emocional man<\/span><span style=\"font-size: 16px; font-style: normal; font-weight: 400;\">tenemos.\u00a0<\/span><span style=\"font-size: 16px; font-style: normal; font-weight: 400;\">La<\/span><strong style=\"font-size: 16px; font-style: normal;\">\u00a0iluminaci\u00f3n<\/strong><span style=\"font-size: 16px; font-style: normal; font-weight: 400;\">\u00a0durante la noche se realiza con los\u00a0<\/span><strong style=\"font-size: 16px; font-style: normal;\">cuatro candelabros<\/strong><span style=\"font-size: 16px; font-style: normal; font-weight: 400;\">\u00a0de guardabrisas de las esquinas, adem\u00e1s de las \u201cvelas\u201d situadas junto a la miniatura de la\u00a0<\/span><strong style=\"font-size: 16px; font-style: normal;\">Esperanza Macarena<\/strong><span style=\"font-size: 16px; font-style: normal; font-weight: 400;\">\u00a0de plata que preside la delantera de la carreta, obra de\u00a0<\/span><strong style=\"font-size: 16px; font-style: normal;\">Orfebrer\u00eda Triana<\/strong><span style=\"font-size: 16px; font-style: normal; font-weight: 400;\">\u00a0y la cara y manos de la Virgen del imaginero sevillano\u00a0<\/span><strong style=\"font-size: 16px; font-style: normal;\">Luis \u00c1lvarez Duarte<\/strong><span style=\"font-size: 16px; font-style: normal; font-weight: 400;\">. Tambi\u00e9n hay iluminaci\u00f3n indirecta desde la trasera de unas flores situadas en los laterales del techo. Lo que pretend\u00eda el autor es que\u00a0<\/span><\/p><p><img decoding=\"async\" class=\"size-medium wp-image-569 alignleft\" src=\"https:\/\/hermandaddelrociodelamacarena.org\/wp-content\/uploads\/2017\/01\/patrimonio-carreta-300x225.jpg\" sizes=\"(max-width: 300px) 100vw, 300px\" srcset=\"https:\/\/hermandaddelrociodelamacarena.org\/wp-content\/uploads\/2017\/01\/patrimonio-carreta-300x225.jpg 300w, https:\/\/hermandaddelrociodelamacarena.org\/wp-content\/uploads\/2017\/01\/patrimonio-carreta-600x450.jpg 600w, https:\/\/hermandaddelrociodelamacarena.org\/wp-content\/uploads\/2017\/01\/patrimonio-carreta-768x576.jpg 768w, https:\/\/hermandaddelrociodelamacarena.org\/wp-content\/uploads\/2017\/01\/patrimonio-carreta-1024x768.jpg 1024w, https:\/\/hermandaddelrociodelamacarena.org\/wp-content\/uploads\/2017\/01\/patrimonio-carreta-510x382.jpg 510w, https:\/\/hermandaddelrociodelamacarena.org\/wp-content\/uploads\/2017\/01\/patrimonio-carreta-1080x810.jpg 1080w\" alt=\"\" width=\"300\" height=\"225\" \/><\/p><p><span style=\"font-size: 16px; font-style: normal; font-weight: 400;\">de noche\u00a0<\/span><strong style=\"font-size: 16px; font-style: normal;\">fuese un<\/strong><strong style=\"font-size: 16px; font-style: normal;\">\u201cfaro\u201d<\/strong><span style=\"font-size: 16px; font-style: normal; font-weight: 400;\">, un ascua de luz que atraiga a todas las miradas y que se identifique sin lugar a dudas de que la que luce es la\u00a0<\/span><strong style=\"font-size: 16px; font-style: normal;\">carreta de la<\/strong><strong style=\"font-size: 16px;\">\u00a0Macarena<\/strong><span style=\"font-size: 16px;\">. Como\u00a0<\/span><strong style=\"font-size: 16px;\">originalidad<\/strong><span style=\"font-size: 16px;\">\u00a0a\u00f1adida est\u00e1n los\u00a0<\/span><strong style=\"font-size: 16px;\">colgantes<\/strong><span style=\"font-size: 16px;\">\u00a0que, a modo de\u00a0<\/span><strong style=\"font-size: 16px;\">doble\u00a0<\/strong><\/p><p><strong style=\"font-size: 16px;\">cortinilla<\/strong><span style=\"font-size: 16px;\">, cuelgan desde el techo como unas\u00a0<\/span><strong style=\"font-size: 16px;\">\u201cbambalinas\u201d<\/strong><span style=\"font-size: 16px;\">, y es que al ser una\u00a0<\/span><strong style=\"font-size: 16px;\">carreta muy pesada<\/strong><span style=\"font-size: 16px;\">\u00a0necesitaba algo de la\u00a0<\/span><strong style=\"font-size: 16px;\">alegr\u00eda macarena<\/strong><span style=\"font-size: 16px;\">\u00a0en su andar, de forma que al moverse, aunque fuese en llano, se produjese ese\u00a0<\/span><strong style=\"font-size: 16px;\">efecto de \u201cmecida\u201d<\/strong><span style=\"font-size: 16px;\">\u00a0con sus colgaduras y campanillas. En pala<\/span><\/p><p style=\"font-size: 16px; font-style: normal; font-weight: 400;\"><span style=\"font-size: 16px;\">bras de <\/span><strong style=\"font-size: 16px;\">Gardu\u00f1o<\/strong><span style=\"font-size: 16px;\">, no pretendi\u00f3 dise\u00f1ar la mejor carreta, pero s\u00ed la que manifestase mayor\u00a0<\/span><strong style=\"font-size: 16px;\">devoci\u00f3n y amor a la Virgen<\/strong><span style=\"font-size: 16px;\">\u00a0con la personalidad de su barrio,<\/span><strong style=\"font-size: 16px;\">\u00a0la Macarena<\/strong><span style=\"font-size: 16px;\">.<\/span><\/p><h2><span style=\"color: #266749;\"><em><br \/>Juego de Insignias\u00a0<\/em><\/span><\/h2><p><span style=\"color: #266749;\"><strong><em>El Estandarte\u00a0<\/em><\/strong><\/span><\/p><p>Es la\u00a0<strong>insignia oficial<\/strong>\u00a0de la Hermandad que<strong>\u00a0preside<\/strong>\u00a0todos los\u00a0<strong>actos corporativos<\/strong>.<a href=\"https:\/\/hermandaddelrociodelamacarena.org\/wp-content\/uploads\/2017\/01\/est.jpg\"><img loading=\"lazy\" decoding=\"async\" class=\" wp-image-525 alignright\" src=\"https:\/\/hermandaddelrociodelamacarena.org\/wp-content\/uploads\/2017\/01\/est-123x300.jpg\" alt=\"\" width=\"100\" height=\"202\" \/><\/a>\u00a0Es una\u00a0<strong>bandera de color verde<\/strong>\u00a0plegada y fruncida por un cord\u00f3n de calabrote de oro rematado con dos borlas del mismo material. Esta insignia<strong>\u00a0va colgada<\/strong>\u00a0de un\u00a0<strong>asta<\/strong>\u00a0de madera\u00a0<strong>recubierta de tubos de metal cincelado<\/strong>\u00a0y \u00a0terminaci\u00f3n con su regat\u00f3n, rematado todo ello con una cruz del mismo metal. En el centro, lleva el\u00a0<strong>Escudo de la Hermandad<\/strong>, rodeado con una art\u00edstica orla bordada en oro obra de los\u00a0<strong>sucesores de Carrasquilla<\/strong>.<\/p><p><span style=\"color: #266749;\"><strong><em>El Libro de Reglas<\/em><\/strong><\/span><\/p><p>Es obra de\u00a0<strong>orfebrer\u00eda Triana<\/strong>, en plata de ley sobre terciopelo verde, en su anverso figura el\u00a0<strong>Escudo<\/strong>\u00a0de nuestra\u00a0<strong>Hermandad<\/strong>, centrado en un pergamino sostenido por \u00e1ngeles y bajo ellos el\u00a0<strong>Arco de la Macarena<\/strong>.<\/p><p>En sus p\u00e1ginas centrales hay pinturas de<strong>\u00a0Luis Rizo\u00a0<\/strong>del a\u00f1o 2005. Nuestra\u00a0<strong>Sra. del\u00a0 Roc\u00edo<\/strong>\u00a0vestida de Reina y el Esp\u00edritu Santo simbolizado por una\u00a0<strong>Blanca Paloma<\/strong>\u00a0que sostiene nuestra medalla bajo el arco de la Macarena. Sobre ellas se realiza el juramento de todos los \u00a0hermanos en nuestra\u00a0<strong>Protestaci\u00f3n de Fe<\/strong>\u00a0durante la\u00a0<strong>Funci\u00f3n <span style=\"color: #266749;\">Principal de Instituto.<\/span><\/strong><\/p><p><a href=\"https:\/\/hermandaddelrociodelamacarena.org\/wp-content\/uploads\/2017\/01\/Sin-t%C3%ADtulo-1-1.jpg\"><img loading=\"lazy\" decoding=\"async\" class=\"aligncenter wp-image-567 size-full\" src=\"https:\/\/hermandaddelrociodelamacarena.org\/wp-content\/uploads\/2017\/01\/Sin-t%C3%ADtulo-1-1.jpg\" sizes=\"(max-width: 699px) 100vw, 699px\" srcset=\"https:\/\/hermandaddelrociodelamacarena.org\/wp-content\/uploads\/2017\/01\/Sin-t\u00edtulo-1-1.jpg 699w, https:\/\/hermandaddelrociodelamacarena.org\/wp-content\/uploads\/2017\/01\/Sin-t\u00edtulo-1-1-600x232.jpg 600w, https:\/\/hermandaddelrociodelamacarena.org\/wp-content\/uploads\/2017\/01\/Sin-t\u00edtulo-1-1-300x116.jpg 300w\" width=\"699\" height=\"270\" \/><\/a><\/p><h2><span style=\"color: #266749;\"><strong><em>El Bander\u00edn<\/em><\/strong><\/span><\/h2><p>Est\u00e1 confeccionado sobre<strong>\u00a0terciopelo<\/strong>\u00a0de color\u00a0<strong>verde<\/strong>, donde figura en su parte central el\u00a0<strong>anagrama de Mar\u00eda<\/strong>, bordado en\u00a0<strong>oro<\/strong>\u00a0y rodeado de una<strong>\u00a0orla o cenefa<\/strong>\u00a0tambi\u00e9n bordada en oro, obra de\u00a0<strong>sucesores de Carrasquilla<\/strong>. En el reverso, sobre raso de color oro viejo, lleva\u00a0<strong>bordada la fecha de fundaci\u00f3n de la Hermandad<\/strong>. Est\u00e1 rematado con un c\u00edngulo de oro y dos borlas. La posici\u00f3n del pa\u00f1o va en forma de\u00a0<strong>bander\u00edn ca\u00eddo<\/strong>. Rematando su asta lleva una\u00a0<strong>cruz\u00a0plateada.<\/strong><\/p><h2><span style=\"color: #266749;\"><strong><em>La Bandera<\/em><\/strong><\/span><\/h2><p>Est\u00e1 confeccionada en pa\u00f1o de seda con\u00a0<strong>los colores de nuestra divisa<\/strong>, que son el\u00a0<strong>verde y<\/strong>\u00a0el<strong>\u00a0oro<\/strong>\u00a0viejo. Su composici\u00f3n es de la siguiente forma:\u00a0<strong>cuatro cuarteles<\/strong>\u00a0en forma rectangular de color oro viejo,\u00a0<strong>unidos a una Cruz<\/strong>, que abarca todo ello, en color verde. Lleva un\u00a0<strong>asta de madera<\/strong>\u00a0y la parte vista, unos\u00a0<strong>tubos de plata cincelada<\/strong>, rematado con el\u00a0<strong>s\u00edmbolo del Arco de la Macarena<\/strong>, tambi\u00e9n en\u00a0<strong>plata de ley<\/strong>. Pende de este remate, un\u00a0<strong>lazo con los colores de la Hermandad<\/strong>.<\/p><p><a href=\"https:\/\/hermandaddelrociodelamacarena.org\/wp-content\/uploads\/2017\/01\/P1020992.jpg\"><img loading=\"lazy\" decoding=\"async\" class=\" wp-image-551 alignleft\" src=\"https:\/\/hermandaddelrociodelamacarena.org\/wp-content\/uploads\/2017\/01\/P1020992-225x300.jpg\" alt=\"\" width=\"147\" height=\"202\" \/><\/a><\/p><p><strong><em>La Bandera Concepcionista<\/em><\/strong><\/p><p>Es la alusiva al\u00a0<strong>Dogma de la Inmaculada Concepci\u00f3n de Mar\u00eda<\/strong>.<\/p><p>Es de pa\u00f1o de raso en color celeste con una cartela pintada al \u00f3leo, obra de\u00a0<strong>Rosa Arestoy Tous<\/strong>\u00a0con la imagen de la\u00a0<strong>Inmaculada<\/strong>. El asta de plata cincelada, rematado con un anagrama de\u00a0 Mar\u00eda y c\u00edngulo de oro con dos borlas.<br \/><a href=\"https:\/\/hermandaddelrociodelamacarena.org\/wp-content\/uploads\/2017\/01\/vara.png\"><img loading=\"lazy\" decoding=\"async\" class=\"size-full wp-image-480 alignleft alignright\" src=\"https:\/\/hermandaddelrociodelamacarena.org\/wp-content\/uploads\/2017\/01\/vara.png\" alt=\"\" width=\"181\" height=\"252\" \/><\/a><\/p><p><strong><em>Juego de varas<\/em><\/strong><\/p><p>Llevan el\u00a0<strong>escudo de la medalla de la Hermandad<\/strong>\u00a0construidas entera dorada para el\u00a0<strong>Hermano Mayor<\/strong>\u00a0y en metal plateado, con sus tubos cincelados, para los miembros de la\u00a0<strong>Junta de Gobierno<\/strong>. Las que se disponen para el resto de hermanos llevan el mismo\u00a0<strong>escudo de la medalla<\/strong>\u00a0de\u00a0la Hermandad, en metal plateado, con<strong>\u00a0asta de madera barnizada<\/strong>\u00a0terminada en regat\u00f3n y cantonera del mismo metal.<\/p>\t\t\t\t\t\t\t\t<\/div>\n\t\t\t\t<\/div>\n\t\t\t\t<\/div>\n\t\t\t\t<\/div>\n\t\t","protected":false},"excerpt":{"rendered":"<p>PATRIMONIO Casa Hermandad La\u00a0Casa de Hermandad\u00a0de nuestra corporaci\u00f3n, se encuentra en el N\u00ba 32 de la C\/ Parras, del sevillano\u00a0Barrio [&hellip;]<\/p>\n","protected":false},"author":1,"featured_media":0,"parent":0,"menu_order":0,"comment_status":"closed","ping_status":"closed","template":"","meta":{"site-sidebar-layout":"no-sidebar","site-content-layout":"","ast-site-content-layout":"full-width-container","site-content-style":"default","site-sidebar-style":"default","ast-global-header-display":"","ast-banner-title-visibility":"","ast-main-header-display":"","ast-hfb-above-header-display":"","ast-hfb-below-header-display":"","ast-hfb-mobile-header-display":"","site-post-title":"disabled","ast-breadcrumbs-content":"","ast-featured-img":"disabled","footer-sml-layout":"","ast-disable-related-posts":"","theme-transparent-header-meta":"","adv-header-id-meta":"","stick-header-meta":"","header-above-stick-meta":"","header-main-stick-meta":"","header-below-stick-meta":"","astra-migrate-meta-layouts":"default","ast-page-background-enabled":"default","ast-page-background-meta":{"desktop":{"background-color":"var(--ast-global-color-4)","background-image":"","background-repeat":"repeat","background-position":"center center","background-size":"auto","background-attachment":"scroll","background-type":"","background-media":"","overlay-type":"","overlay-color":"","overlay-opacity":"","overlay-gradient":""},"tablet":{"background-color":"","background-image":"","background-repeat":"repeat","background-position":"center center","background-size":"auto","background-attachment":"scroll","background-type":"","background-media":"","overlay-type":"","overlay-color":"","overlay-opacity":"","overlay-gradient":""},"mobile":{"background-color":"","background-image":"","background-repeat":"repeat","background-position":"center center","background-size":"auto","background-attachment":"scroll","background-type":"","background-media":"","overlay-type":"","overlay-color":"","overlay-opacity":"","overlay-gradient":""}},"ast-content-background-meta":{"desktop":{"background-color":"var(--ast-global-color-5)","background-image":"","background-repeat":"repeat","background-position":"center center","background-size":"auto","background-attachment":"scroll","background-type":"","background-media":"","overlay-type":"","overlay-color":"","overlay-opacity":"","overlay-gradient":""},"tablet":{"background-color":"var(--ast-global-color-5)","background-image":"","background-repeat":"repeat","background-position":"center center","background-size":"auto","background-attachment":"scroll","background-type":"","background-media":"","overlay-type":"","overlay-color":"","overlay-opacity":"","overlay-gradient":""},"mobile":{"background-color":"var(--ast-global-color-5)","background-image":"","background-repeat":"repeat","background-position":"center center","background-size":"auto","background-attachment":"scroll","background-type":"","background-media":"","overlay-type":"","overlay-color":"","overlay-opacity":"","overlay-gradient":""}},"footnotes":""},"class_list":["post-680","page","type-page","status-publish","hentry"],"_links":{"self":[{"href":"https:\/\/hermandaddelrociodelamacarena.org\/index.php?rest_route=\/wp\/v2\/pages\/680","targetHints":{"allow":["GET"]}}],"collection":[{"href":"https:\/\/hermandaddelrociodelamacarena.org\/index.php?rest_route=\/wp\/v2\/pages"}],"about":[{"href":"https:\/\/hermandaddelrociodelamacarena.org\/index.php?rest_route=\/wp\/v2\/types\/page"}],"author":[{"embeddable":true,"href":"https:\/\/hermandaddelrociodelamacarena.org\/index.php?rest_route=\/wp\/v2\/users\/1"}],"replies":[{"embeddable":true,"href":"https:\/\/hermandaddelrociodelamacarena.org\/index.php?rest_route=%2Fwp%2Fv2%2Fcomments&post=680"}],"version-history":[{"count":46,"href":"https:\/\/hermandaddelrociodelamacarena.org\/index.php?rest_route=\/wp\/v2\/pages\/680\/revisions"}],"predecessor-version":[{"id":4068,"href":"https:\/\/hermandaddelrociodelamacarena.org\/index.php?rest_route=\/wp\/v2\/pages\/680\/revisions\/4068"}],"wp:attachment":[{"href":"https:\/\/hermandaddelrociodelamacarena.org\/index.php?rest_route=%2Fwp%2Fv2%2Fmedia&parent=680"}],"curies":[{"name":"wp","href":"https:\/\/api.w.org\/{rel}","templated":true}]}}